{"id":148,"date":"2022-03-01T19:21:17","date_gmt":"2022-03-01T17:21:17","guid":{"rendered":"http:\/\/tfm-neuropsicologia-test.recursos.uoc.edu\/?page_id=148"},"modified":"2022-03-02T10:10:45","modified_gmt":"2022-03-02T08:10:45","slug":"1-en-que-consiste-el-tfm","status":"publish","type":"page","link":"http:\/\/tfm-neuropsicologia-test.recursos.uoc.edu\/es\/1-en-que-consiste-el-tfm\/","title":{"rendered":"2. En qu\u00e9 consiste el TFM"},"content":{"rendered":"<p>El Trabajo final de m\u00e1ster es una asignatura de 6 ECTS que dura un semestre y debe cursarse en la fase final de la formaci\u00f3n del m\u00e1ster universitario en Neuropsicolog\u00eda.<\/p>\n<p>El objetivo es poner en pr\u00e1ctica y mostrar las competencias adquiridas a lo largo de la formaci\u00f3n. Entre estas, la capacidad de s\u00edntesis e integraci\u00f3n de informaci\u00f3n, la resoluci\u00f3n de problemas, la valoraci\u00f3n de los aspectos \u00e9ticos, la comunicaci\u00f3n eficaz, el dise\u00f1o y la gesti\u00f3n de planes de intervenci\u00f3n y\/o proyectos de investigaci\u00f3n.<\/p>\n<p>Para la realizaci\u00f3n del trabajo, cada estudiante contar\u00e1 con una persona que tutorizar\u00e1 su proceso de aprendizaje, le guiar\u00e1 en la elaboraci\u00f3n del trabajo y resolver\u00e1 las posibles dudas que vayan surgiendo.<\/p>\n","protected":false},"excerpt":{"rendered":"<p>El Trabajo final de m\u00e1ster es una asignatura de 6 ECTS que dura un semestre y debe cursarse en la fase final de la formaci\u00f3n del m\u00e1ster universitario en Neuropsicolog\u00eda. El objetivo es poner en pr\u00e1ctica y mostrar las competencias adquiridas a lo largo de la formaci\u00f3n. Entre estas, la capacidad de s\u00edntesis e integraci\u00f3n [&hellip;]<\/p>\n","protected":false},"author":2,"featured_media":0,"parent":0,"menu_order":0,"comment_status":"closed","ping_status":"closed","template":"","meta":[],"_links":{"self":[{"href":"http:\/\/tfm-neuropsicologia-test.recursos.uoc.edu\/es\/wp-json\/wp\/v2\/pages\/148"}],"collection":[{"href":"http:\/\/tfm-neuropsicologia-test.recursos.uoc.edu\/es\/wp-json\/wp\/v2\/pages"}],"about":[{"href":"http:\/\/tfm-neuropsicologia-test.recursos.uoc.edu\/es\/wp-json\/wp\/v2\/types\/page"}],"author":[{"embeddable":true,"href":"http:\/\/tfm-neuropsicologia-test.recursos.uoc.edu\/es\/wp-json\/wp\/v2\/users\/2"}],"replies":[{"embeddable":true,"href":"http:\/\/tfm-neuropsicologia-test.recursos.uoc.edu\/es\/wp-json\/wp\/v2\/comments?post=148"}],"version-history":[{"count":3,"href":"http:\/\/tfm-neuropsicologia-test.recursos.uoc.edu\/es\/wp-json\/wp\/v2\/pages\/148\/revisions"}],"predecessor-version":[{"id":248,"href":"http:\/\/tfm-neuropsicologia-test.recursos.uoc.edu\/es\/wp-json\/wp\/v2\/pages\/148\/revisions\/248"}],"wp:attachment":[{"href":"http:\/\/tfm-neuropsicologia-test.recursos.uoc.edu\/es\/wp-json\/wp\/v2\/media?parent=148"}],"curies":[{"name":"wp","href":"https:\/\/api.w.org\/{rel}","templated":true}]}}