{"id":150,"date":"2022-03-01T19:22:14","date_gmt":"2022-03-01T17:22:14","guid":{"rendered":"http:\/\/tfm-neuropsicologia-test.recursos.uoc.edu\/?page_id=150"},"modified":"2022-03-01T19:30:31","modified_gmt":"2022-03-01T17:30:31","slug":"2-cuando-debe-realizarse-el-tfm","status":"publish","type":"page","link":"http:\/\/tfm-neuropsicologia-test.recursos.uoc.edu\/es\/2-cuando-debe-realizarse-el-tfm\/","title":{"rendered":"3. Cu\u00e1ndo debe realizarse el TFM"},"content":{"rendered":"<p>El TFM est\u00e1 dise\u00f1ado para ser cursado en el \u00faltimo semestre del plan de estudios, al final de la trayectoria de formaci\u00f3n, aunque se puede realizar simult\u00e1neamente con alguna otra asignatura, en especial con el Pr\u00e1cticum.<\/p>\n<p>El requisito m\u00ednimo para poder realizar el TFM es haber <strong>superado 30 ECTS<\/strong> del programa formativo, con las siguientes particularidades en funci\u00f3n de si el m\u00e1ster se realiza en dos o en un a\u00f1o:<\/p>\n<ul>\n<li><strong>Programaci\u00f3n en dos a\u00f1os<\/strong>: el TFM est\u00e1 dise\u00f1ado para ser cursado en el \u00faltimo semestre del itinerario formativo (cuarto semestre), una vez se han superado todas las asignaturas obligatorias y optativas, a excepci\u00f3n del Pr\u00e1cticum, que puede cursarse junto al TFM.<\/li>\n<li><strong>Programaci\u00f3n en un a\u00f1o<\/strong>: adem\u00e1s de haber superado al menos 30 ECTS antes de matricularse en el TFM, es fundamental haberse matriculado, en el mismo semestre que se va a cursar el TFM, en el resto de asignaturas necesarias para la obtenci\u00f3n del t\u00edtulo que no hayan sido incorporadas en el expediente.<\/li>\n<\/ul>\n<p>Si el m\u00e1ster se realiza con otra temporalidad, ser\u00e1 necesario contactar con el tutor o tutora acad\u00e9mico para consultar sobre la conveniencia de cursar el TFM en el semestre que se desee.<\/p>\n","protected":false},"excerpt":{"rendered":"<p>El TFM est\u00e1 dise\u00f1ado para ser cursado en el \u00faltimo semestre del plan de estudios, al final de la trayectoria de formaci\u00f3n, aunque se puede realizar simult\u00e1neamente con alguna otra asignatura, en especial con el Pr\u00e1cticum. El requisito m\u00ednimo para poder realizar el TFM es haber superado 30 ECTS del programa formativo, con las siguientes [&hellip;]<\/p>\n","protected":false},"author":2,"featured_media":0,"parent":0,"menu_order":0,"comment_status":"closed","ping_status":"closed","template":"","meta":[],"_links":{"self":[{"href":"http:\/\/tfm-neuropsicologia-test.recursos.uoc.edu\/es\/wp-json\/wp\/v2\/pages\/150"}],"collection":[{"href":"http:\/\/tfm-neuropsicologia-test.recursos.uoc.edu\/es\/wp-json\/wp\/v2\/pages"}],"about":[{"href":"http:\/\/tfm-neuropsicologia-test.recursos.uoc.edu\/es\/wp-json\/wp\/v2\/types\/page"}],"author":[{"embeddable":true,"href":"http:\/\/tfm-neuropsicologia-test.recursos.uoc.edu\/es\/wp-json\/wp\/v2\/users\/2"}],"replies":[{"embeddable":true,"href":"http:\/\/tfm-neuropsicologia-test.recursos.uoc.edu\/es\/wp-json\/wp\/v2\/comments?post=150"}],"version-history":[{"count":2,"href":"http:\/\/tfm-neuropsicologia-test.recursos.uoc.edu\/es\/wp-json\/wp\/v2\/pages\/150\/revisions"}],"predecessor-version":[{"id":158,"href":"http:\/\/tfm-neuropsicologia-test.recursos.uoc.edu\/es\/wp-json\/wp\/v2\/pages\/150\/revisions\/158"}],"wp:attachment":[{"href":"http:\/\/tfm-neuropsicologia-test.recursos.uoc.edu\/es\/wp-json\/wp\/v2\/media?parent=150"}],"curies":[{"name":"wp","href":"https:\/\/api.w.org\/{rel}","templated":true}]}}