{"id":160,"date":"2022-03-01T19:33:31","date_gmt":"2022-03-01T17:33:31","guid":{"rendered":"http:\/\/tfm-neuropsicologia-test.recursos.uoc.edu\/?page_id=160"},"modified":"2022-03-02T10:08:48","modified_gmt":"2022-03-02T08:08:48","slug":"1-presentacion","status":"publish","type":"page","link":"http:\/\/tfm-neuropsicologia-test.recursos.uoc.edu\/es\/","title":{"rendered":"1. Presentaci\u00f3n"},"content":{"rendered":"<p>En esta gu\u00eda se presenta la informaci\u00f3n b\u00e1sica sobre el Trabajo final de m\u00e1ster (TFM) del m\u00e1ster universitario de Neuropsicolog\u00eda. En ella se explican los aspectos fundamentales del trabajo, sus objetivos, los requisitos necesarios para poder cursar la asignatura, las modalidades que se ofrecen, el proceso de realizaci\u00f3n del trabajo y los criterios de evaluaci\u00f3n. Con la informaci\u00f3n aportada en esta gu\u00eda, y con la ayuda del equipo docente implicado en el TFM, cada estudiante podr\u00e1 decidir el tipo de trabajo que mejor se adec\u00fae a sus intereses y a sus objetivos futuros, y conocer las distintas etapas de elaboraci\u00f3n del mismo.<\/p>\n","protected":false},"excerpt":{"rendered":"<p>En esta gu\u00eda se presenta la informaci\u00f3n b\u00e1sica sobre el Trabajo final de m\u00e1ster (TFM) del m\u00e1ster universitario de Neuropsicolog\u00eda. En ella se explican los aspectos fundamentales del trabajo, sus objetivos, los requisitos necesarios para poder cursar la asignatura, las modalidades que se ofrecen, el proceso de realizaci\u00f3n del trabajo y los criterios de evaluaci\u00f3n. [&hellip;]<\/p>\n","protected":false},"author":2,"featured_media":0,"parent":0,"menu_order":0,"comment_status":"closed","ping_status":"closed","template":"","meta":[],"_links":{"self":[{"href":"http:\/\/tfm-neuropsicologia-test.recursos.uoc.edu\/es\/wp-json\/wp\/v2\/pages\/160"}],"collection":[{"href":"http:\/\/tfm-neuropsicologia-test.recursos.uoc.edu\/es\/wp-json\/wp\/v2\/pages"}],"about":[{"href":"http:\/\/tfm-neuropsicologia-test.recursos.uoc.edu\/es\/wp-json\/wp\/v2\/types\/page"}],"author":[{"embeddable":true,"href":"http:\/\/tfm-neuropsicologia-test.recursos.uoc.edu\/es\/wp-json\/wp\/v2\/users\/2"}],"replies":[{"embeddable":true,"href":"http:\/\/tfm-neuropsicologia-test.recursos.uoc.edu\/es\/wp-json\/wp\/v2\/comments?post=160"}],"version-history":[{"count":2,"href":"http:\/\/tfm-neuropsicologia-test.recursos.uoc.edu\/es\/wp-json\/wp\/v2\/pages\/160\/revisions"}],"predecessor-version":[{"id":247,"href":"http:\/\/tfm-neuropsicologia-test.recursos.uoc.edu\/es\/wp-json\/wp\/v2\/pages\/160\/revisions\/247"}],"wp:attachment":[{"href":"http:\/\/tfm-neuropsicologia-test.recursos.uoc.edu\/es\/wp-json\/wp\/v2\/media?parent=160"}],"curies":[{"name":"wp","href":"https:\/\/api.w.org\/{rel}","templated":true}]}}