{"id":164,"date":"2022-03-01T19:38:39","date_gmt":"2022-03-01T17:38:39","guid":{"rendered":"http:\/\/tfm-neuropsicologia-test.recursos.uoc.edu\/?page_id=164"},"modified":"2022-03-01T19:38:39","modified_gmt":"2022-03-01T17:38:39","slug":"1-introduccion","status":"publish","type":"page","link":"http:\/\/tfm-neuropsicologia-test.recursos.uoc.edu\/es\/1-introduccion\/","title":{"rendered":"1. Introducci\u00f3n"},"content":{"rendered":"<p>El m\u00e1ster universitario de Neuropsicolog\u00eda cuenta con dos posibles itinerarios (profesionalizador y de investigaci\u00f3n), dentro de los cuales se contemplan dos asignaturas optativas.<\/p>\n<p>En funci\u00f3n de los intereses de cada estudiante y de su formaci\u00f3n previa, pueden realizar el TFM dentro de uno de estos itinerarios, profundizando as\u00ed en los conocimientos adquiridos.<\/p>\n<p>La elecci\u00f3n del itinerario del TFM ser\u00e1 la que determine el itinerario que se especificar\u00e1 en el t\u00edtulo, si as\u00ed lo quiere el o la estudiante. Es decir, en el t\u00edtulo oficial emitido al finalizar el m\u00e1ster puede aparecer el itinerario realizado o no, a elecci\u00f3n de cada estudiante.<\/p>\n<figure id=\"attachment_106\" aria-describedby=\"caption-attachment-106\" style=\"width: 800px\" class=\"wp-caption alignnone\"><img loading=\"lazy\" class=\"wp-image-106 size-full\" src=\"\/wp-content\/uploads\/2021\/10\/PID_00285263_01-1.jpg\" alt=\"\" width=\"800\" height=\"902\" srcset=\"\/wp-content\/uploads\/2021\/10\/PID_00285263_01-1.jpg 800w, \/wp-content\/uploads\/2021\/10\/PID_00285263_01-1-266x300.jpg 266w, \/wp-content\/uploads\/2021\/10\/PID_00285263_01-1-768x866.jpg 768w\" sizes=\"(max-width: 800px) 100vw, 800px\" \/><figcaption id=\"caption-attachment-106\" class=\"wp-caption-text\">Figura 1. Itinerario para elegir el tipo de TFM<br \/>Fuente: elaboraci\u00f3n propia<\/figcaption><\/figure>\n","protected":false},"excerpt":{"rendered":"<p>El m\u00e1ster universitario de Neuropsicolog\u00eda cuenta con dos posibles itinerarios (profesionalizador y de investigaci\u00f3n), dentro de los cuales se contemplan dos asignaturas optativas. En funci\u00f3n de los intereses de cada estudiante y de su formaci\u00f3n previa, pueden realizar el TFM dentro de uno de estos itinerarios, profundizando as\u00ed en los conocimientos adquiridos. La elecci\u00f3n del [&hellip;]<\/p>\n","protected":false},"author":2,"featured_media":0,"parent":0,"menu_order":0,"comment_status":"closed","ping_status":"closed","template":"","meta":[],"_links":{"self":[{"href":"http:\/\/tfm-neuropsicologia-test.recursos.uoc.edu\/es\/wp-json\/wp\/v2\/pages\/164"}],"collection":[{"href":"http:\/\/tfm-neuropsicologia-test.recursos.uoc.edu\/es\/wp-json\/wp\/v2\/pages"}],"about":[{"href":"http:\/\/tfm-neuropsicologia-test.recursos.uoc.edu\/es\/wp-json\/wp\/v2\/types\/page"}],"author":[{"embeddable":true,"href":"http:\/\/tfm-neuropsicologia-test.recursos.uoc.edu\/es\/wp-json\/wp\/v2\/users\/2"}],"replies":[{"embeddable":true,"href":"http:\/\/tfm-neuropsicologia-test.recursos.uoc.edu\/es\/wp-json\/wp\/v2\/comments?post=164"}],"version-history":[{"count":1,"href":"http:\/\/tfm-neuropsicologia-test.recursos.uoc.edu\/es\/wp-json\/wp\/v2\/pages\/164\/revisions"}],"predecessor-version":[{"id":165,"href":"http:\/\/tfm-neuropsicologia-test.recursos.uoc.edu\/es\/wp-json\/wp\/v2\/pages\/164\/revisions\/165"}],"wp:attachment":[{"href":"http:\/\/tfm-neuropsicologia-test.recursos.uoc.edu\/es\/wp-json\/wp\/v2\/media?parent=164"}],"curies":[{"name":"wp","href":"https:\/\/api.w.org\/{rel}","templated":true}]}}