{"id":166,"date":"2022-03-01T19:39:48","date_gmt":"2022-03-01T17:39:48","guid":{"rendered":"http:\/\/tfm-neuropsicologia-test.recursos.uoc.edu\/?page_id=166"},"modified":"2022-03-01T19:39:48","modified_gmt":"2022-03-01T17:39:48","slug":"2-tfm-profesionalizador","status":"publish","type":"page","link":"http:\/\/tfm-neuropsicologia-test.recursos.uoc.edu\/es\/2-tfm-profesionalizador\/","title":{"rendered":"2. TFM profesionalizador"},"content":{"rendered":"<p>En su vertiente del itinerario profesionalizador, el TFM tiene una orientaci\u00f3n cl\u00ednica y consiste en la elaboraci\u00f3n de un <strong>plan de intervenci\u00f3n personalizado<\/strong> para una persona o grupo que presente problemas neuropsicol\u00f3gicos.<\/p>\n<p>La propuesta de intervenci\u00f3n ser\u00e1 espec\u00edfica y debe estar basada en:<\/p>\n<ol>\n<li>La revisi\u00f3n de la <strong>literatura<\/strong> en relaci\u00f3n con la patolog\u00eda o alteraci\u00f3n neuropsicol\u00f3gica en la que se va a basar la intervenci\u00f3n. Se deber\u00e1n revisar tanto aspectos relacionados con el curso de la patolog\u00eda, como intervenciones cient\u00edficamente validadas.<\/li>\n<li>Una <strong>evaluaci\u00f3n<\/strong> neuropsicol\u00f3gica espec\u00edfica del caso.<\/li>\n<li>El <strong>informe<\/strong> derivado de dicha evaluaci\u00f3n, que incluir\u00e1 las <strong>caracter\u00edsticas del caso<\/strong> que se va a tratar.<\/li>\n<\/ol>\n<p>La intervenci\u00f3n puede ir dirigida a una persona (o grupo) real con la que el o la estudiante tenga contacto (en el centro de pr\u00e1cticas, en la actividad profesional, etc.) o bien puede ir dirigida a un caso ficticio. Los casos ficticios pueden ser completamente inventados por la persona que realiza el trabajo, pueden basarse en personajes de ficci\u00f3n, personajes hist\u00f3ricos o incluso pueden tomar parte de las caracter\u00edsticas de un caso o varios casos reales, y completar la informaci\u00f3n con casos ficticios.<\/p>\n<p><strong>Importante<\/strong>: en el itinerario profesionalizador, el trabajo consiste en el <strong>planteamiento <\/strong>de un plan de intervenci\u00f3n. <strong>No se espera que la persona que realiza el trabajo lleve a cabo dicha intervenci\u00f3n<\/strong>, ya que en la gran mayor\u00eda de los casos ser\u00e1 inviable en t\u00e9rminos temporales.<\/p>\n<p><div class=\"featured featured-blue\"><p><strong>Qui\u00e9n debe realizar el TFM profesionalizador:<\/strong><\/p>\n<ul>\n<li>Todas aquellas personas que hayan cursado las asignaturas optativas del itinerario profesionalizador (Evaluaci\u00f3n neuropsicol\u00f3gica y elaboraci\u00f3n de informes, Neuropsicolog\u00eda de la atenci\u00f3n, la memoria y las funciones ejecutivas).<\/li>\n<li>Todas aquellas personas que quieran dedicarse a la pr\u00e1ctica cl\u00ednica en neuropsicolog\u00eda.<\/li>\n<li>Todas aquellas personas interesadas en profundizar en sus conocimientos sobre evaluaci\u00f3n neuropsicol\u00f3gica y elaboraci\u00f3n de programas de intervenci\u00f3n.<br \/>\n<\/div><\/li>\n<\/ul>\n","protected":false},"excerpt":{"rendered":"<p>En su vertiente del itinerario profesionalizador, el TFM tiene una orientaci\u00f3n cl\u00ednica y consiste en la elaboraci\u00f3n de un plan de intervenci\u00f3n personalizado para una persona o grupo que presente problemas neuropsicol\u00f3gicos. La propuesta de intervenci\u00f3n ser\u00e1 espec\u00edfica y debe estar basada en: La revisi\u00f3n de la literatura en relaci\u00f3n con la patolog\u00eda o alteraci\u00f3n [&hellip;]<\/p>\n","protected":false},"author":2,"featured_media":0,"parent":0,"menu_order":0,"comment_status":"closed","ping_status":"closed","template":"","meta":[],"_links":{"self":[{"href":"http:\/\/tfm-neuropsicologia-test.recursos.uoc.edu\/es\/wp-json\/wp\/v2\/pages\/166"}],"collection":[{"href":"http:\/\/tfm-neuropsicologia-test.recursos.uoc.edu\/es\/wp-json\/wp\/v2\/pages"}],"about":[{"href":"http:\/\/tfm-neuropsicologia-test.recursos.uoc.edu\/es\/wp-json\/wp\/v2\/types\/page"}],"author":[{"embeddable":true,"href":"http:\/\/tfm-neuropsicologia-test.recursos.uoc.edu\/es\/wp-json\/wp\/v2\/users\/2"}],"replies":[{"embeddable":true,"href":"http:\/\/tfm-neuropsicologia-test.recursos.uoc.edu\/es\/wp-json\/wp\/v2\/comments?post=166"}],"version-history":[{"count":1,"href":"http:\/\/tfm-neuropsicologia-test.recursos.uoc.edu\/es\/wp-json\/wp\/v2\/pages\/166\/revisions"}],"predecessor-version":[{"id":167,"href":"http:\/\/tfm-neuropsicologia-test.recursos.uoc.edu\/es\/wp-json\/wp\/v2\/pages\/166\/revisions\/167"}],"wp:attachment":[{"href":"http:\/\/tfm-neuropsicologia-test.recursos.uoc.edu\/es\/wp-json\/wp\/v2\/media?parent=166"}],"curies":[{"name":"wp","href":"https:\/\/api.w.org\/{rel}","templated":true}]}}