{"id":168,"date":"2022-03-01T19:41:15","date_gmt":"2022-03-01T17:41:15","guid":{"rendered":"http:\/\/tfm-neuropsicologia-test.recursos.uoc.edu\/?page_id=168"},"modified":"2022-03-01T20:44:58","modified_gmt":"2022-03-01T18:44:58","slug":"3-tfm-de-investigacion","status":"publish","type":"page","link":"http:\/\/tfm-neuropsicologia-test.recursos.uoc.edu\/es\/3-tfm-de-investigacion\/","title":{"rendered":"3. TFM de investigaci\u00f3n"},"content":{"rendered":"<p>En su vertiente del itinerario de investigaci\u00f3n, el TFM est\u00e1 orientado a profundizar sobre alg\u00fan tema dentro de la neuropsicolog\u00eda siguiendo el m\u00e9todo cient\u00edfico. En funci\u00f3n del grado de conocimiento previo sobre el tema, se recomienda un tipo de TFM distinto:<\/p>\n<ol>\n<li>La <strong>revisi\u00f3n sistem\u00e1tica<\/strong> est\u00e1 pensada para aquellas personas que tengan inter\u00e9s en un tema espec\u00edfico, pero no conozcan la literatura previa y quieran profundizar en el estado del arte. La metodolog\u00eda que debe seguirse para realizar la revisi\u00f3n sistem\u00e1tica es la recomendada por la gu\u00eda <a href=\"http:\/\/www.prisma-statement.org\/\" target=\"_blank\" rel=\"noopener\">PRISMA<\/a>.<\/li>\n<li>El <strong>proyecto de investigaci\u00f3n<\/strong> est\u00e1 pensado para aquellas personas que ya conocen la literatura sobre un tema espec\u00edfico y les gustar\u00eda llevar a cabo un proyecto de investigaci\u00f3n para profundizar en alg\u00fan aspecto sobre el mismo. Dentro de esta modalidad se debe introducir el tema, justificar el objetivo del proyecto, plantear la metodolog\u00eda y los resultados esperados.<\/li>\n<li>El <strong>informe de una investigaci\u00f3n<\/strong> est\u00e1 pensado para aquellas personas que ya han participado en un proyecto de investigaci\u00f3n y disponen de datos que pueden analizar. El formato del trabajo es similar al de un art\u00edculo cient\u00edfico, en el que se incluye introducci\u00f3n, m\u00e9todo, resultados y discusi\u00f3n.<\/li>\n<\/ol>\n<p><strong>Importante<\/strong>: debido a la limitaci\u00f3n temporal del TFM, para poder llevar a cabo la modalidad de investigaci\u00f3n es necesario que <strong>los datos hayan sido recogidos antes del inicio del TFM<\/strong>. De lo contrario, el o la estudiante no tendr\u00e1 tiempo de plantear un proyecto, recoger los datos, analizarlos y redactar el informe de la investigaci\u00f3n.<\/p>\n<p><div class=\"featured featured-blue\"><p><strong>Qui\u00e9n debe realizar el TFM de investigaci\u00f3n:<\/strong><\/p>\n<ul>\n<li>Todas aquellas personas que hayan cursado las asignaturas optativas del itinerario de investigaci\u00f3n (M\u00e9todos y dise\u00f1os en investigaci\u00f3n y T\u00e9cnicas de neuroimagen).<\/li>\n<li>Todas aquellas personas que quieran dedicarse a la investigaci\u00f3n en el \u00e1mbito de la neuropsicolog\u00eda.<\/li>\n<li>Todas aquellas personas que est\u00e9n interesadas en profundizar en un tema de investigaci\u00f3n en neuropsicolog\u00eda, ya sea a trav\u00e9s de una revisi\u00f3n en profundidad de la literatura, de la propuesta de un proyecto de investigaci\u00f3n o del an\u00e1lisis y exposici\u00f3n de los resultados obtenidos en un proyecto que ya se encuentre en marcha.<br \/>\n<\/div><\/li>\n<\/ul>\n","protected":false},"excerpt":{"rendered":"<p>En su vertiente del itinerario de investigaci\u00f3n, el TFM est\u00e1 orientado a profundizar sobre alg\u00fan tema dentro de la neuropsicolog\u00eda siguiendo el m\u00e9todo cient\u00edfico. En funci\u00f3n del grado de conocimiento previo sobre el tema, se recomienda un tipo de TFM distinto: La revisi\u00f3n sistem\u00e1tica est\u00e1 pensada para aquellas personas que tengan inter\u00e9s en un tema [&hellip;]<\/p>\n","protected":false},"author":2,"featured_media":0,"parent":0,"menu_order":0,"comment_status":"closed","ping_status":"closed","template":"","meta":[],"_links":{"self":[{"href":"http:\/\/tfm-neuropsicologia-test.recursos.uoc.edu\/es\/wp-json\/wp\/v2\/pages\/168"}],"collection":[{"href":"http:\/\/tfm-neuropsicologia-test.recursos.uoc.edu\/es\/wp-json\/wp\/v2\/pages"}],"about":[{"href":"http:\/\/tfm-neuropsicologia-test.recursos.uoc.edu\/es\/wp-json\/wp\/v2\/types\/page"}],"author":[{"embeddable":true,"href":"http:\/\/tfm-neuropsicologia-test.recursos.uoc.edu\/es\/wp-json\/wp\/v2\/users\/2"}],"replies":[{"embeddable":true,"href":"http:\/\/tfm-neuropsicologia-test.recursos.uoc.edu\/es\/wp-json\/wp\/v2\/comments?post=168"}],"version-history":[{"count":4,"href":"http:\/\/tfm-neuropsicologia-test.recursos.uoc.edu\/es\/wp-json\/wp\/v2\/pages\/168\/revisions"}],"predecessor-version":[{"id":242,"href":"http:\/\/tfm-neuropsicologia-test.recursos.uoc.edu\/es\/wp-json\/wp\/v2\/pages\/168\/revisions\/242"}],"wp:attachment":[{"href":"http:\/\/tfm-neuropsicologia-test.recursos.uoc.edu\/es\/wp-json\/wp\/v2\/media?parent=168"}],"curies":[{"name":"wp","href":"https:\/\/api.w.org\/{rel}","templated":true}]}}