{"id":174,"date":"2022-03-01T19:46:18","date_gmt":"2022-03-01T17:46:18","guid":{"rendered":"http:\/\/tfm-neuropsicologia-test.recursos.uoc.edu\/?page_id=174"},"modified":"2022-03-02T10:13:43","modified_gmt":"2022-03-02T08:13:43","slug":"1-introduccion-2","status":"publish","type":"page","link":"http:\/\/tfm-neuropsicologia-test.recursos.uoc.edu\/es\/1-introduccion-2\/","title":{"rendered":"1. Introducci\u00f3n"},"content":{"rendered":"<p>A lo largo de la asignatura se planean una serie de fases y entregas que tienen por objetivo facilitar la realizaci\u00f3n del TFM de manera progresiva, recibiendo <em>feedback<\/em> sobre cada una de las partes del trabajo.<\/p>\n<p>En cada una de las entregas se ponen en marcha distintas competencias, que se evaluar\u00e1n mediante tareas espec\u00edficas. La planificaci\u00f3n general puede consultarse en el apartado <a href=\"http:\/\/tfm-neuropsicologia-test.recursos.uoc.edu\/es\/2-periodicidad-de-cada-entrega\/\" target=\"_blank\" rel=\"noopener\">\u00abPeriodicidad de cada entrega\u00bb<\/a>, y la temporalizaci\u00f3n est\u00e1 disponible en el calendario del aula desde el inicio del semestre.<\/p>\n<p>En la siguiente infograf\u00eda se puede ver un esquema de las distintas fases del TFM.<\/p>\n<figure id=\"attachment_231\" aria-describedby=\"caption-attachment-231\" style=\"width: 800px\" class=\"wp-caption alignnone\"><img loading=\"lazy\" class=\"wp-image-231 size-full\" src=\"\/wp-content\/uploads\/2022\/03\/PID_00285263_02-1.png\" alt=\"\" width=\"800\" height=\"1638\" srcset=\"\/wp-content\/uploads\/2022\/03\/PID_00285263_02-1.png 800w, \/wp-content\/uploads\/2022\/03\/PID_00285263_02-1-147x300.png 147w, \/wp-content\/uploads\/2022\/03\/PID_00285263_02-1-500x1024.png 500w, \/wp-content\/uploads\/2022\/03\/PID_00285263_02-1-768x1572.png 768w, \/wp-content\/uploads\/2022\/03\/PID_00285263_02-1-750x1536.png 750w\" sizes=\"(max-width: 800px) 100vw, 800px\" \/><figcaption id=\"caption-attachment-231\" class=\"wp-caption-text\">Figura 2. Desarrollo del TFM en el m\u00e1ster universitario de Neuropsicolog\u00eda<br \/>Fuente: elaboraci\u00f3n propia<\/figcaption><\/figure>\n","protected":false},"excerpt":{"rendered":"<p>A lo largo de la asignatura se planean una serie de fases y entregas que tienen por objetivo facilitar la realizaci\u00f3n del TFM de manera progresiva, recibiendo feedback sobre cada una de las partes del trabajo. En cada una de las entregas se ponen en marcha distintas competencias, que se evaluar\u00e1n mediante tareas espec\u00edficas. La [&hellip;]<\/p>\n","protected":false},"author":2,"featured_media":0,"parent":0,"menu_order":0,"comment_status":"closed","ping_status":"closed","template":"","meta":[],"_links":{"self":[{"href":"http:\/\/tfm-neuropsicologia-test.recursos.uoc.edu\/es\/wp-json\/wp\/v2\/pages\/174"}],"collection":[{"href":"http:\/\/tfm-neuropsicologia-test.recursos.uoc.edu\/es\/wp-json\/wp\/v2\/pages"}],"about":[{"href":"http:\/\/tfm-neuropsicologia-test.recursos.uoc.edu\/es\/wp-json\/wp\/v2\/types\/page"}],"author":[{"embeddable":true,"href":"http:\/\/tfm-neuropsicologia-test.recursos.uoc.edu\/es\/wp-json\/wp\/v2\/users\/2"}],"replies":[{"embeddable":true,"href":"http:\/\/tfm-neuropsicologia-test.recursos.uoc.edu\/es\/wp-json\/wp\/v2\/comments?post=174"}],"version-history":[{"count":5,"href":"http:\/\/tfm-neuropsicologia-test.recursos.uoc.edu\/es\/wp-json\/wp\/v2\/pages\/174\/revisions"}],"predecessor-version":[{"id":249,"href":"http:\/\/tfm-neuropsicologia-test.recursos.uoc.edu\/es\/wp-json\/wp\/v2\/pages\/174\/revisions\/249"}],"wp:attachment":[{"href":"http:\/\/tfm-neuropsicologia-test.recursos.uoc.edu\/es\/wp-json\/wp\/v2\/media?parent=174"}],"curies":[{"name":"wp","href":"https:\/\/api.w.org\/{rel}","templated":true}]}}