{"id":176,"date":"2022-03-01T19:47:00","date_gmt":"2022-03-01T17:47:00","guid":{"rendered":"http:\/\/tfm-neuropsicologia-test.recursos.uoc.edu\/?page_id=176"},"modified":"2022-03-01T19:47:00","modified_gmt":"2022-03-01T17:47:00","slug":"2-eleccion-del-tema","status":"publish","type":"page","link":"http:\/\/tfm-neuropsicologia-test.recursos.uoc.edu\/es\/2-eleccion-del-tema\/","title":{"rendered":"2. Elecci\u00f3n del tema"},"content":{"rendered":"<p>Antes de comenzar con la redacci\u00f3n de las distintas partes del TFM, cada estudiante debe seleccionar un tema relacionado con la neuropsicolog\u00eda sobre el que se centrar\u00e1 el trabajo. El \u00e1rea tem\u00e1tica en torno a la cual se desarrollar\u00e1 el TFM estar\u00e1 definida por los intereses de cada estudiante. A continuaci\u00f3n se presentan, a modo de ejemplo, algunas \u00e1reas sobre las que pueden desarrollarse los trabajos:<\/p>\n<ul>\n<li><strong>Da\u00f1o cerebral adquirido<\/strong>: traumatismos craneoencef\u00e1licos, accidentes cerebrovasculares, tumores cerebrales, enfermedades infecciosas, etc.<\/li>\n<li><strong>Enfermedades neurodegenerativas<\/strong>: enfermedad de Alzheimer, demencia por cuerpos de Lewy, esclerosis m\u00faltiple, enfermedad de Parkinson, etc.<\/li>\n<li><strong>Trastornos del neurodesarrollo<\/strong>: trastorno por d\u00e9ficit de atenci\u00f3n, trastornos del espectro autista, par\u00e1lisis cerebral, trastornos espec\u00edficos del aprendizaje, etc.<\/li>\n<li><strong>Otras afectaciones neurol\u00f3gicas y\/o cognitivas<\/strong>: trastornos mentales, epilepsia, discapacidad intelectual, etc.<\/li>\n<li><strong>Alteraciones cognitivas espec\u00edficas<\/strong>: afasia, apraxia, agnosia, heminegligencia, etc.<\/li>\n<\/ul>\n<p>Esta fase permite asignarle a cada estudiante una persona experta en el tema elegido que le ayudar\u00e1 en la elaboraci\u00f3n de las distintas partes del trabajo y del trabajo final, y resolver\u00e1 las posibles dudas, adem\u00e1s de proporcionarle <em>feedback<\/em> despu\u00e9s de cada entrega.<\/p>\n<p>Para que el profesor o la profesora responsable de la asignatura pueda asignar a la persona que tutorizar\u00e1 el trabajo, cada estudiante debe subir un v\u00eddeo de presentaci\u00f3n de 1-2 minutos de duraci\u00f3n al aula indicando el tema elegido. Las instrucciones concretas sobre el contenido del v\u00eddeo y d\u00f3nde subirlo pueden consultarse en el aula.<\/p>\n<p>Cuanto m\u00e1s espec\u00edfica sea la elecci\u00f3n del tema al inicio de la asignatura, m\u00e1s f\u00e1cil ser\u00e1 la asignaci\u00f3n del tutor o tutora y el planteamiento inicial del trabajo. En cualquier caso, la primera fase de la asignatura est\u00e1 pensada para que el o la estudiante pueda plantear las posibles dudas a la persona que tutorizar\u00e1 su trabajo, de manera que el tema espec\u00edfico pueda concretarse en la primera entrega.<\/p>\n","protected":false},"excerpt":{"rendered":"<p>Antes de comenzar con la redacci\u00f3n de las distintas partes del TFM, cada estudiante debe seleccionar un tema relacionado con la neuropsicolog\u00eda sobre el que se centrar\u00e1 el trabajo. El \u00e1rea tem\u00e1tica en torno a la cual se desarrollar\u00e1 el TFM estar\u00e1 definida por los intereses de cada estudiante. A continuaci\u00f3n se presentan, a modo [&hellip;]<\/p>\n","protected":false},"author":2,"featured_media":0,"parent":0,"menu_order":0,"comment_status":"closed","ping_status":"closed","template":"","meta":[],"_links":{"self":[{"href":"http:\/\/tfm-neuropsicologia-test.recursos.uoc.edu\/es\/wp-json\/wp\/v2\/pages\/176"}],"collection":[{"href":"http:\/\/tfm-neuropsicologia-test.recursos.uoc.edu\/es\/wp-json\/wp\/v2\/pages"}],"about":[{"href":"http:\/\/tfm-neuropsicologia-test.recursos.uoc.edu\/es\/wp-json\/wp\/v2\/types\/page"}],"author":[{"embeddable":true,"href":"http:\/\/tfm-neuropsicologia-test.recursos.uoc.edu\/es\/wp-json\/wp\/v2\/users\/2"}],"replies":[{"embeddable":true,"href":"http:\/\/tfm-neuropsicologia-test.recursos.uoc.edu\/es\/wp-json\/wp\/v2\/comments?post=176"}],"version-history":[{"count":1,"href":"http:\/\/tfm-neuropsicologia-test.recursos.uoc.edu\/es\/wp-json\/wp\/v2\/pages\/176\/revisions"}],"predecessor-version":[{"id":177,"href":"http:\/\/tfm-neuropsicologia-test.recursos.uoc.edu\/es\/wp-json\/wp\/v2\/pages\/176\/revisions\/177"}],"wp:attachment":[{"href":"http:\/\/tfm-neuropsicologia-test.recursos.uoc.edu\/es\/wp-json\/wp\/v2\/media?parent=176"}],"curies":[{"name":"wp","href":"https:\/\/api.w.org\/{rel}","templated":true}]}}