{"id":178,"date":"2022-03-01T19:47:31","date_gmt":"2022-03-01T17:47:31","guid":{"rendered":"http:\/\/tfm-neuropsicologia-test.recursos.uoc.edu\/?page_id=178"},"modified":"2022-03-01T19:47:31","modified_gmt":"2022-03-01T17:47:31","slug":"3-asignacion-de-tutorizacion","status":"publish","type":"page","link":"http:\/\/tfm-neuropsicologia-test.recursos.uoc.edu\/es\/3-asignacion-de-tutorizacion\/","title":{"rendered":"3. Asignaci\u00f3n de tutorizaci\u00f3n"},"content":{"rendered":"<p>Una vez escogido el tema sobre el cual se quiere realizar el TFM, el profesor o la profesora responsable de la asignatura (PRA) asignar\u00e1 a cada estudiante una persona experta en el \u00e1rea de conocimiento seleccionada que se encargar\u00e1 de la tutorizaci\u00f3n a lo largo de la asignatura. Todas las personas encargadas de la tutorizaci\u00f3n de TFM son profesionales que se dedican a la neuropsicolog\u00eda cl\u00ednica y\/o a la investigaci\u00f3n, y todas tienen el grado de doctor.<\/p>\n<p>Dada la complejidad de la asignatura, es necesario hacer una labor de seguimiento individualizado, personalizado y constante. Por esta raz\u00f3n, cada estudiante recibir\u00e1 de su tutor o tutora las orientaciones y las especificaciones particulares sobre los contenidos y otros aspectos del proceso de elaboraci\u00f3n del TFM, pero es el o la estudiante quien debe llevar la iniciativa y comentar con la persona que tutoriza su trabajo todas las dudas, reflexiones y dificultades con las que se vaya encontrando en cada una de las fases de la elaboraci\u00f3n del mismo.<\/p>\n<p>La comunicaci\u00f3n sobre la asignaci\u00f3n de tutores y tutoras se realizar\u00e1 aproximadamente dentro de los diez primeros d\u00edas desde la fecha de inicio de la asignatura.<\/p>\n","protected":false},"excerpt":{"rendered":"<p>Una vez escogido el tema sobre el cual se quiere realizar el TFM, el profesor o la profesora responsable de la asignatura (PRA) asignar\u00e1 a cada estudiante una persona experta en el \u00e1rea de conocimiento seleccionada que se encargar\u00e1 de la tutorizaci\u00f3n a lo largo de la asignatura. Todas las personas encargadas de la tutorizaci\u00f3n [&hellip;]<\/p>\n","protected":false},"author":2,"featured_media":0,"parent":0,"menu_order":0,"comment_status":"closed","ping_status":"closed","template":"","meta":[],"_links":{"self":[{"href":"http:\/\/tfm-neuropsicologia-test.recursos.uoc.edu\/es\/wp-json\/wp\/v2\/pages\/178"}],"collection":[{"href":"http:\/\/tfm-neuropsicologia-test.recursos.uoc.edu\/es\/wp-json\/wp\/v2\/pages"}],"about":[{"href":"http:\/\/tfm-neuropsicologia-test.recursos.uoc.edu\/es\/wp-json\/wp\/v2\/types\/page"}],"author":[{"embeddable":true,"href":"http:\/\/tfm-neuropsicologia-test.recursos.uoc.edu\/es\/wp-json\/wp\/v2\/users\/2"}],"replies":[{"embeddable":true,"href":"http:\/\/tfm-neuropsicologia-test.recursos.uoc.edu\/es\/wp-json\/wp\/v2\/comments?post=178"}],"version-history":[{"count":1,"href":"http:\/\/tfm-neuropsicologia-test.recursos.uoc.edu\/es\/wp-json\/wp\/v2\/pages\/178\/revisions"}],"predecessor-version":[{"id":179,"href":"http:\/\/tfm-neuropsicologia-test.recursos.uoc.edu\/es\/wp-json\/wp\/v2\/pages\/178\/revisions\/179"}],"wp:attachment":[{"href":"http:\/\/tfm-neuropsicologia-test.recursos.uoc.edu\/es\/wp-json\/wp\/v2\/media?parent=178"}],"curies":[{"name":"wp","href":"https:\/\/api.w.org\/{rel}","templated":true}]}}