{"id":180,"date":"2022-03-01T19:48:01","date_gmt":"2022-03-01T17:48:01","guid":{"rendered":"http:\/\/tfm-neuropsicologia-test.recursos.uoc.edu\/?page_id=180"},"modified":"2022-03-01T19:48:01","modified_gmt":"2022-03-01T17:48:01","slug":"4-planteamiento-del-trabajo","status":"publish","type":"page","link":"http:\/\/tfm-neuropsicologia-test.recursos.uoc.edu\/es\/4-planteamiento-del-trabajo\/","title":{"rendered":"4. Planteamiento del trabajo"},"content":{"rendered":"<p>La primera prueba de evaluaci\u00f3n continua consiste en realizar un primer planteamiento sobre el trabajo que se va a realizar.<\/p>\n<p>El objetivo de esta entrega es concretar el tema sobre el que se va a trabajar y plantear los aspectos principales que se van a desarrollar en el trabajo. Gracias a este planteamiento inicial, los y las estudiantes pueden tener una visi\u00f3n general de las entregas que realizar\u00e1n a continuaci\u00f3n, y los tutores y tutoras pueden orientar a cada estudiante sobre c\u00f3mo profundizar en cada uno de los distintos aspectos, as\u00ed como corregir los posibles errores iniciales.<\/p>\n","protected":false},"excerpt":{"rendered":"<p>La primera prueba de evaluaci\u00f3n continua consiste en realizar un primer planteamiento sobre el trabajo que se va a realizar. El objetivo de esta entrega es concretar el tema sobre el que se va a trabajar y plantear los aspectos principales que se van a desarrollar en el trabajo. Gracias a este planteamiento inicial, los [&hellip;]<\/p>\n","protected":false},"author":2,"featured_media":0,"parent":0,"menu_order":0,"comment_status":"closed","ping_status":"closed","template":"","meta":[],"_links":{"self":[{"href":"http:\/\/tfm-neuropsicologia-test.recursos.uoc.edu\/es\/wp-json\/wp\/v2\/pages\/180"}],"collection":[{"href":"http:\/\/tfm-neuropsicologia-test.recursos.uoc.edu\/es\/wp-json\/wp\/v2\/pages"}],"about":[{"href":"http:\/\/tfm-neuropsicologia-test.recursos.uoc.edu\/es\/wp-json\/wp\/v2\/types\/page"}],"author":[{"embeddable":true,"href":"http:\/\/tfm-neuropsicologia-test.recursos.uoc.edu\/es\/wp-json\/wp\/v2\/users\/2"}],"replies":[{"embeddable":true,"href":"http:\/\/tfm-neuropsicologia-test.recursos.uoc.edu\/es\/wp-json\/wp\/v2\/comments?post=180"}],"version-history":[{"count":1,"href":"http:\/\/tfm-neuropsicologia-test.recursos.uoc.edu\/es\/wp-json\/wp\/v2\/pages\/180\/revisions"}],"predecessor-version":[{"id":181,"href":"http:\/\/tfm-neuropsicologia-test.recursos.uoc.edu\/es\/wp-json\/wp\/v2\/pages\/180\/revisions\/181"}],"wp:attachment":[{"href":"http:\/\/tfm-neuropsicologia-test.recursos.uoc.edu\/es\/wp-json\/wp\/v2\/media?parent=180"}],"curies":[{"name":"wp","href":"https:\/\/api.w.org\/{rel}","templated":true}]}}