{"id":182,"date":"2022-03-01T19:48:37","date_gmt":"2022-03-01T17:48:37","guid":{"rendered":"http:\/\/tfm-neuropsicologia-test.recursos.uoc.edu\/?page_id=182"},"modified":"2022-03-01T19:48:37","modified_gmt":"2022-03-01T17:48:37","slug":"5-elaboracion-del-trabajo","status":"publish","type":"page","link":"http:\/\/tfm-neuropsicologia-test.recursos.uoc.edu\/es\/5-elaboracion-del-trabajo\/","title":{"rendered":"5. Elaboraci\u00f3n del trabajo"},"content":{"rendered":"<p>En esta fase se llevar\u00e1n a cabo las cuatro partes que formar\u00e1n parte del TFM completo. El contenido de cada parte variar\u00e1 en funci\u00f3n de la modalidad de TFM que se est\u00e9 llevando a cabo.<\/p>\n<table width=\"567\">\n<tbody>\n<tr class=\"table-header\">\n<td width=\"127\">Tipo de TFM<\/td>\n<td width=\"102\">Primera parte<\/td>\n<td width=\"115\">Segunda parte<\/td>\n<td width=\"123\">Tercera parte<\/td>\n<td width=\"101\">Cuarta parte<\/td>\n<\/tr>\n<tr>\n<td width=\"127\"><strong>Profesionalizador<\/strong><\/td>\n<td width=\"102\">Revisi\u00f3n de la literatura<\/td>\n<td width=\"115\">Evaluaci\u00f3n neuropsicol\u00f3gica<\/td>\n<td width=\"123\">Informe neuropsicol\u00f3gico y objetivos<\/td>\n<td width=\"101\">Propuesta de intervenci\u00f3n<\/td>\n<\/tr>\n<tr>\n<td width=\"127\"><strong>Investigaci\u00f3n<\/strong><\/td>\n<td width=\"102\">Metodolog\u00eda<\/td>\n<td width=\"115\">Introducci\u00f3n<\/td>\n<td width=\"123\">Resultados<\/td>\n<td width=\"101\">Discusi\u00f3n<\/td>\n<\/tr>\n<\/tbody>\n<\/table>\n<div class=\"tablefooter\"><p>Tabla 2. Partes del TFM<br \/>\nFuente: elaboraci\u00f3n propia<\/p>\n<\/div>\n<p>Para cada una de las partes, los y las estudiantes recibir\u00e1n <em>feedback<\/em> sobre el trabajo realizado y las posibles mejoras que implementar de cara a la entrega final.<\/p>\n","protected":false},"excerpt":{"rendered":"<p>En esta fase se llevar\u00e1n a cabo las cuatro partes que formar\u00e1n parte del TFM completo. El contenido de cada parte variar\u00e1 en funci\u00f3n de la modalidad de TFM que se est\u00e9 llevando a cabo. Tipo de TFM Primera parte Segunda parte Tercera parte Cuarta parte Profesionalizador Revisi\u00f3n de la literatura Evaluaci\u00f3n neuropsicol\u00f3gica Informe neuropsicol\u00f3gico [&hellip;]<\/p>\n","protected":false},"author":2,"featured_media":0,"parent":0,"menu_order":0,"comment_status":"closed","ping_status":"closed","template":"","meta":[],"_links":{"self":[{"href":"http:\/\/tfm-neuropsicologia-test.recursos.uoc.edu\/es\/wp-json\/wp\/v2\/pages\/182"}],"collection":[{"href":"http:\/\/tfm-neuropsicologia-test.recursos.uoc.edu\/es\/wp-json\/wp\/v2\/pages"}],"about":[{"href":"http:\/\/tfm-neuropsicologia-test.recursos.uoc.edu\/es\/wp-json\/wp\/v2\/types\/page"}],"author":[{"embeddable":true,"href":"http:\/\/tfm-neuropsicologia-test.recursos.uoc.edu\/es\/wp-json\/wp\/v2\/users\/2"}],"replies":[{"embeddable":true,"href":"http:\/\/tfm-neuropsicologia-test.recursos.uoc.edu\/es\/wp-json\/wp\/v2\/comments?post=182"}],"version-history":[{"count":1,"href":"http:\/\/tfm-neuropsicologia-test.recursos.uoc.edu\/es\/wp-json\/wp\/v2\/pages\/182\/revisions"}],"predecessor-version":[{"id":183,"href":"http:\/\/tfm-neuropsicologia-test.recursos.uoc.edu\/es\/wp-json\/wp\/v2\/pages\/182\/revisions\/183"}],"wp:attachment":[{"href":"http:\/\/tfm-neuropsicologia-test.recursos.uoc.edu\/es\/wp-json\/wp\/v2\/media?parent=182"}],"curies":[{"name":"wp","href":"https:\/\/api.w.org\/{rel}","templated":true}]}}