{"id":184,"date":"2022-03-01T19:49:13","date_gmt":"2022-03-01T17:49:13","guid":{"rendered":"http:\/\/tfm-neuropsicologia-test.recursos.uoc.edu\/?page_id=184"},"modified":"2022-03-01T20:31:29","modified_gmt":"2022-03-01T18:31:29","slug":"6-entrega-final","status":"publish","type":"page","link":"http:\/\/tfm-neuropsicologia-test.recursos.uoc.edu\/es\/6-entrega-final\/","title":{"rendered":"6. Entrega final"},"content":{"rendered":"<p>La fase final de la asignatura gira en torno a la entrega de los tres aspectos que ser\u00e1n valorados por la comisi\u00f3n evaluadora: la memoria del TFM, la presentaci\u00f3n del trabajo y la defensa del mismo.<\/p>\n<p>La <strong>memoria del TFM<\/strong> incluye las cuatro partes del trabajo que se han ido elaborando en la fase anterior (elaboraci\u00f3n del trabajo), pero adem\u00e1s debe incluir una portada, un \u00edndice, un resumen y la bibliograf\u00eda completa (ver plantillas y r\u00fabricas en el apartado <a href=\"http:\/\/tfm-neuropsicologia-test.recursos.uoc.edu\/es\/1-introduccion-3\/\" target=\"_blank\" rel=\"noopener\">\u00abEntregas: PEC\u00bb<\/a>). En cada una de las partes elaboradas en las entregas anteriores se deber\u00e1n incorporar las mejoras y comentarios sugeridos por el tutor o la tutora, es decir, el <em>feedback<\/em> recibido.<\/p>\n<p>La <strong>presentaci\u00f3n del trabajo<\/strong> consiste en la elaboraci\u00f3n de un v\u00eddeo de 10 minutos de duraci\u00f3n en el que cada estudiante explique los aspectos m\u00e1s relevantes del trabajo. En esta fase se valora la capacidad de expresi\u00f3n oral, la presentaci\u00f3n de la informaci\u00f3n de forma estructurada y comprensible, y la capacidad de s\u00edntesis. Los v\u00eddeos de presentaci\u00f3n deben subirse a la plataforma Presenta (la misma utilizada para la elecci\u00f3n del tema) y estar\u00e1n disponibles para que la comisi\u00f3n evaluadora pueda valorarlos de forma as\u00edncrona.<\/p>\n<p>La <strong>defensa del trabajo<\/strong> se lleva a cabo de forma s\u00edncrona, virtual y p\u00fablica. La defensa tiene una duraci\u00f3n de unos 10 minutos y en ella el o la estudiante deber\u00e1 responder a las preguntas formuladas por la comisi\u00f3n evaluadora acerca de su trabajo. A cada estudiante se le asignar\u00e1, unos d\u00edas antes de la defensa, una fecha y hora para la realizaci\u00f3n de la misma. La defensa tiene lugar en la plataforma Blackboard Collaborate y se crear\u00e1 un enlace p\u00fablico para que cualquier persona interesada pueda asistir.<\/p>\n","protected":false},"excerpt":{"rendered":"<p>La fase final de la asignatura gira en torno a la entrega de los tres aspectos que ser\u00e1n valorados por la comisi\u00f3n evaluadora: la memoria del TFM, la presentaci\u00f3n del trabajo y la defensa del mismo. La memoria del TFM incluye las cuatro partes del trabajo que se han ido elaborando en la fase anterior [&hellip;]<\/p>\n","protected":false},"author":2,"featured_media":0,"parent":0,"menu_order":0,"comment_status":"closed","ping_status":"closed","template":"","meta":[],"_links":{"self":[{"href":"http:\/\/tfm-neuropsicologia-test.recursos.uoc.edu\/es\/wp-json\/wp\/v2\/pages\/184"}],"collection":[{"href":"http:\/\/tfm-neuropsicologia-test.recursos.uoc.edu\/es\/wp-json\/wp\/v2\/pages"}],"about":[{"href":"http:\/\/tfm-neuropsicologia-test.recursos.uoc.edu\/es\/wp-json\/wp\/v2\/types\/page"}],"author":[{"embeddable":true,"href":"http:\/\/tfm-neuropsicologia-test.recursos.uoc.edu\/es\/wp-json\/wp\/v2\/users\/2"}],"replies":[{"embeddable":true,"href":"http:\/\/tfm-neuropsicologia-test.recursos.uoc.edu\/es\/wp-json\/wp\/v2\/comments?post=184"}],"version-history":[{"count":2,"href":"http:\/\/tfm-neuropsicologia-test.recursos.uoc.edu\/es\/wp-json\/wp\/v2\/pages\/184\/revisions"}],"predecessor-version":[{"id":234,"href":"http:\/\/tfm-neuropsicologia-test.recursos.uoc.edu\/es\/wp-json\/wp\/v2\/pages\/184\/revisions\/234"}],"wp:attachment":[{"href":"http:\/\/tfm-neuropsicologia-test.recursos.uoc.edu\/es\/wp-json\/wp\/v2\/media?parent=184"}],"curies":[{"name":"wp","href":"https:\/\/api.w.org\/{rel}","templated":true}]}}