{"id":196,"date":"2022-03-01T19:54:56","date_gmt":"2022-03-01T17:54:56","guid":{"rendered":"http:\/\/tfm-neuropsicologia-test.recursos.uoc.edu\/?page_id=196"},"modified":"2022-03-01T20:13:04","modified_gmt":"2022-03-01T18:13:04","slug":"2-periodicidad-de-cada-entrega","status":"publish","type":"page","link":"http:\/\/tfm-neuropsicologia-test.recursos.uoc.edu\/es\/2-periodicidad-de-cada-entrega\/","title":{"rendered":"2. Periodicidad de cada entrega"},"content":{"rendered":"<p>En la tabla 3 se indica el nombre y el contenido de cada entrega (PEC) y los plazos aproximados en los que se debe realizar.<\/p>\n<table width=\"955\">\n<tbody>\n<tr class=\"table-header\">\n<td width=\"68\">Semana<\/td>\n<td width=\"57\">Fase<\/td>\n<td width=\"415\">TFM profesionalizador<\/td>\n<td width=\"415\">TFM de investigaci\u00f3n<\/td>\n<\/tr>\n<tr>\n<td style=\"text-align: center;\" width=\"68\"><strong>1<\/strong><\/td>\n<td style=\"text-align: center;\" colspan=\"3\" width=\"887\"><strong>Elecci\u00f3n del tema<\/strong><\/td>\n<\/tr>\n<tr>\n<td style=\"text-align: center;\" width=\"68\"><strong>2<\/strong><\/td>\n<td style=\"text-align: center;\" rowspan=\"2\" width=\"57\"><strong>Planteamiento del trabajo<\/strong><\/td>\n<td rowspan=\"2\" width=\"415\"><strong>PEC 1: Planteamiento del trabajo<\/strong><\/p>\n<ul>\n<li>Identificar al paciente o grupo de pacientes que se va a tratar y la patolog\u00eda de inter\u00e9s.<\/li>\n<li>Realizar una b\u00fasqueda bibliogr\u00e1fica sobre la patolog\u00eda y sus repercusiones.<\/li>\n<li>Identificar los principales objetivos de la intervenci\u00f3n neuropsicol\u00f3gica en la patolog\u00eda seleccionada.<\/li>\n<\/ul>\n<\/td>\n<td rowspan=\"2\" width=\"415\"><strong>PEC 1: Planteamiento del trabajo<\/strong><\/p>\n<ul>\n<li>Realizar una b\u00fasqueda bibliogr\u00e1fica sobre el tema.<\/li>\n<li>Justificar el inter\u00e9s y la relevancia del tema elegido.<\/li>\n<li>Redactar un conjunto estructurado de preguntas u objetivos, identificando el objetivo principal del TFM.<\/li>\n<li>Plantear la metodolog\u00eda que se emplear\u00e1 para conseguir los objetivos propuestos.<\/li>\n<\/ul>\n<\/td>\n<\/tr>\n<tr>\n<td style=\"text-align: center;\" width=\"68\"><strong>3<\/strong><\/td>\n<\/tr>\n<tr>\n<td style=\"text-align: center;\" width=\"68\"><strong>4<\/strong><\/td>\n<td style=\"text-align: center;\" rowspan=\"8\" width=\"57\"><strong>Elaboraci\u00f3n del trabajo<\/strong><\/td>\n<td rowspan=\"2\" width=\"415\"><strong>PEC 2: Revisi\u00f3n de la literatura<\/strong><\/p>\n<ul>\n<li>Realizar una descripci\u00f3n general de la patolog\u00eda (etiolog\u00eda, prevalencia, incidencia y sintomatolog\u00eda general).<\/li>\n<li>Describir el perfil neuropsicol\u00f3gico caracter\u00edstico.<\/li>\n<li>Describir los abordajes terap\u00e9uticos existentes.<\/li>\n<li>Describir el impacto familiar y social caracter\u00edstico.<\/li>\n<\/ul>\n<\/td>\n<td rowspan=\"2\" width=\"415\"><strong>PEC 2: Metodolog\u00eda<\/strong><\/p>\n<ul>\n<li>Justificar la metodolog\u00eda empleada en el TFM en funci\u00f3n de la literatura existente.<\/li>\n<li>Explicar el procedimiento general llevado a cabo.<\/li>\n<li>Describir de forma detallada cada uno de los pasos para alcanzar los objetivos propuestos, los materiales empleados y los an\u00e1lisis estad\u00edsticos.<\/li>\n<\/ul>\n<\/td>\n<\/tr>\n<tr>\n<td style=\"text-align: center;\" width=\"68\"><strong>5<\/strong><\/td>\n<\/tr>\n<tr>\n<td style=\"text-align: center;\" width=\"68\"><strong>6<\/strong><\/td>\n<td rowspan=\"2\" width=\"415\"><strong>PEC 3: Evaluaci\u00f3n neuropsicol\u00f3gica<\/strong><\/p>\n<ul>\n<li>Especificar el objetivo general y los objetivos espec\u00edficos de la evaluaci\u00f3n.<\/li>\n<li>Enumerar y describir las pruebas adecuadas para evaluar los d\u00e9ficits neuropsicol\u00f3gicos, emocionales y conductuales.<\/li>\n<li>Realizar la evaluaci\u00f3n del paciente o grupo (en caso de disponer de pacientes reales).<\/li>\n<li>Exponer los resultados de la evaluaci\u00f3n (esperables o reales).<\/li>\n<\/ul>\n<\/td>\n<td rowspan=\"2\" width=\"415\"><strong>PEC 3: Introducci\u00f3n<\/strong><\/p>\n<ul>\n<li>Recoger la informaci\u00f3n m\u00e1s relevante sobre el tema disponible en la literatura cient\u00edfica.<\/li>\n<li>Emplear fuentes de informaci\u00f3n fiables y relevantes.<\/li>\n<li>Justificar el inter\u00e9s y la relevancia del tema propuesto.<\/li>\n<li>Redactar de forma l\u00f3gica y ordenada la introducci\u00f3n del trabajo, justificando los objetivos planteados.<\/li>\n<\/ul>\n<\/td>\n<\/tr>\n<tr>\n<td style=\"text-align: center;\" width=\"68\"><strong>7<\/strong><\/td>\n<\/tr>\n<tr>\n<td style=\"text-align: center;\" width=\"68\"><strong>8<\/strong><\/td>\n<td rowspan=\"2\" width=\"415\"><strong>PEC 4: Informe neuropsicol\u00f3gico<\/strong><\/p>\n<ul>\n<li>Redactar el apartado de resultados (o resumen de resultados para grupos).<\/li>\n<li>Redactar el apartado de conclusiones (individual o grupal).<\/li>\n<li>Redactar las recomendaciones (individual o grupal).<\/li>\n<\/ul>\n<\/td>\n<td rowspan=\"2\" width=\"415\"><strong>PEC 4: Resultados<\/strong><\/p>\n<ul>\n<li>Realizar los an\u00e1lisis necesarios a partir de los datos recogidos (solo en el caso de la elaboraci\u00f3n de un informe de investigaci\u00f3n).<\/li>\n<li>Describir sistem\u00e1ticamente los resultados obtenidos (revisi\u00f3n sistem\u00e1tica o informe de investigaci\u00f3n) o los resultados esperados (proyecto de investigaci\u00f3n).<\/li>\n<li>Redactar el apartado de resultados del TFM de acuerdo con las convenciones de la comunidad cient\u00edfica.<\/li>\n<li>Realizar gr\u00e1ficas que proporcionen apoyo visual para la comprensi\u00f3n de los resultados.<\/li>\n<\/ul>\n<\/td>\n<\/tr>\n<tr>\n<td style=\"text-align: center;\" width=\"68\"><strong>9<\/strong><\/td>\n<\/tr>\n<tr>\n<td style=\"text-align: center;\" width=\"68\"><strong>10<\/strong><\/td>\n<td rowspan=\"2\" width=\"415\"><strong>PEC 5:\u00a0 Propuesta de intervenci\u00f3n<\/strong><\/p>\n<ul>\n<li>Especificar el objetivo general y los objetivos espec\u00edficos de la intervenci\u00f3n.<\/li>\n<li>Elaborar un plan de intervenci\u00f3n completo indicando: n\u00famero de sesiones y su duraci\u00f3n, objetivos de cada sesi\u00f3n, tareas, proceso cognitivo al que van dirigidas, etc., incluyendo un cronograma detallado.<\/li>\n<li>Describir los resultados esperados.<\/li>\n<li>Explicar tres sesiones de intervenci\u00f3n completas (inicial, intermedia y final), incluyendo: objetivo de la sesi\u00f3n, estado esperado del paciente, descripci\u00f3n de las tareas que se van a emplear y el tiempo dedicado a cada una de ellas.<\/li>\n<\/ul>\n<\/td>\n<td rowspan=\"2\" width=\"415\"><strong>PEC 5: Discusi\u00f3n<\/strong><\/p>\n<ul>\n<li>Relacionar los resultados obtenidos con la literatura previa y discutir las posibles diferencias.<\/li>\n<li>Evaluar de forma cr\u00edtica el grado de consecuci\u00f3n de los objetivos planteados en la introducci\u00f3n.<\/li>\n<li>Redactar un apartado de limitaciones y perspectivas futuras del trabajo.<\/li>\n<li>Redactar un apartado conciso de conclusiones que recoja los aspectos fundamentales abordados en el trabajo.<\/li>\n<\/ul>\n<\/td>\n<\/tr>\n<tr>\n<td style=\"text-align: center;\" width=\"68\"><strong>11<\/strong><\/td>\n<\/tr>\n<tr>\n<td style=\"text-align: center;\" width=\"68\"><strong>12<\/strong><\/td>\n<td style=\"text-align: center;\" rowspan=\"5\" width=\"57\"><strong>Entrega final<\/strong><\/td>\n<td colspan=\"2\" rowspan=\"3\" width=\"830\"><strong>PEC 6: Memoria del TFM<\/strong><\/p>\n<ul>\n<li>Poner en conjunto todos los apartados anteriores para elaborar una versi\u00f3n final del trabajo.<\/li>\n<li>Integrar el <em>feedback<\/em> recibido por parte de la persona que tutoriza el trabajo.<\/li>\n<li>Presentar el documento final del TFM de manera clara, estructurada y comprensible.<\/li>\n<\/ul>\n<\/td>\n<\/tr>\n<tr>\n<td style=\"text-align: center;\" width=\"68\"><strong>13<\/strong><\/td>\n<\/tr>\n<tr>\n<td style=\"text-align: center;\" width=\"68\"><strong>14<\/strong><\/td>\n<\/tr>\n<tr>\n<td style=\"text-align: center;\" width=\"68\"><strong>15<\/strong><\/td>\n<td colspan=\"2\" width=\"830\"><strong>PEC 7: Presentaci\u00f3n del TFM<\/strong><\/p>\n<ul>\n<li>Realizar un v\u00eddeo presentando los apectos m\u00e1s relevantes del trabajo.<\/li>\n<li>Realizar una exposici\u00f3n oral del trabajo.<\/li>\n<li>Comunicar de forma correcta la informaci\u00f3n.<\/li>\n<\/ul>\n<\/td>\n<\/tr>\n<tr>\n<td style=\"text-align: center;\" width=\"68\"><strong>16<\/strong><\/td>\n<td colspan=\"2\" width=\"830\"><strong>PEC 8: Defensa del TFM<\/strong><\/p>\n<ul>\n<li>Responder a las preguntas de la comisi\u00f3n evaluadora.<\/li>\n<li>Utilizar un lenguaje claro y adecuado al contexto.<\/li>\n<li>Exponer de forma precisa los aspectos contenidos en el trabajo y ser capaz de profundizar en ellos aportando informaci\u00f3n nueva.<\/li>\n<\/ul>\n<\/td>\n<\/tr>\n<\/tbody>\n<\/table>\n<div class=\"tablefooter\"><p>\nTabla 3. Programaci\u00f3n de las actividades del TFM (la estimaci\u00f3n de las semanas es un c\u00e1lculo aproximado)<br \/>\nFuente: elaboraci\u00f3n propia<\/p>\n<\/div>\n","protected":false},"excerpt":{"rendered":"<p>En la tabla 3 se indica el nombre y el contenido de cada entrega (PEC) y los plazos aproximados en los que se debe realizar. Semana Fase TFM profesionalizador TFM de investigaci\u00f3n 1 Elecci\u00f3n del tema 2 Planteamiento del trabajo PEC 1: Planteamiento del trabajo Identificar al paciente o grupo de pacientes que se va [&hellip;]<\/p>\n","protected":false},"author":2,"featured_media":0,"parent":0,"menu_order":0,"comment_status":"closed","ping_status":"closed","template":"","meta":[],"_links":{"self":[{"href":"http:\/\/tfm-neuropsicologia-test.recursos.uoc.edu\/es\/wp-json\/wp\/v2\/pages\/196"}],"collection":[{"href":"http:\/\/tfm-neuropsicologia-test.recursos.uoc.edu\/es\/wp-json\/wp\/v2\/pages"}],"about":[{"href":"http:\/\/tfm-neuropsicologia-test.recursos.uoc.edu\/es\/wp-json\/wp\/v2\/types\/page"}],"author":[{"embeddable":true,"href":"http:\/\/tfm-neuropsicologia-test.recursos.uoc.edu\/es\/wp-json\/wp\/v2\/users\/2"}],"replies":[{"embeddable":true,"href":"http:\/\/tfm-neuropsicologia-test.recursos.uoc.edu\/es\/wp-json\/wp\/v2\/comments?post=196"}],"version-history":[{"count":2,"href":"http:\/\/tfm-neuropsicologia-test.recursos.uoc.edu\/es\/wp-json\/wp\/v2\/pages\/196\/revisions"}],"predecessor-version":[{"id":225,"href":"http:\/\/tfm-neuropsicologia-test.recursos.uoc.edu\/es\/wp-json\/wp\/v2\/pages\/196\/revisions\/225"}],"wp:attachment":[{"href":"http:\/\/tfm-neuropsicologia-test.recursos.uoc.edu\/es\/wp-json\/wp\/v2\/media?parent=196"}],"curies":[{"name":"wp","href":"https:\/\/api.w.org\/{rel}","templated":true}]}}