{"id":198,"date":"2022-03-01T19:55:34","date_gmt":"2022-03-01T17:55:34","guid":{"rendered":"http:\/\/tfm-neuropsicologia-test.recursos.uoc.edu\/?page_id=198"},"modified":"2022-03-01T20:33:55","modified_gmt":"2022-03-01T18:33:55","slug":"3-plantillas-y-rubricas-de-cada-entrega","status":"publish","type":"page","link":"http:\/\/tfm-neuropsicologia-test.recursos.uoc.edu\/es\/3-plantillas-y-rubricas-de-cada-entrega\/","title":{"rendered":"3. Plantillas y r\u00fabricas de cada entrega"},"content":{"rendered":"<p>Para facilitar la elaboraci\u00f3n del trabajo y consensuar los criterios de correcci\u00f3n entre todas las personas que forman parte de las comisiones evaluadoras, se han dise\u00f1ado una serie de plantillas y r\u00fabricas para cada entrega o PEC. Los y las estudiantes deber\u00e1n hacer uso de estas plantillas para la elaboraci\u00f3n de cada una de las partes del trabajo y tambi\u00e9n para el trabajo completo. Las r\u00fabricas permiten conocer los criterios de correcci\u00f3n de cada entrega.<\/p>\n<p>En los enlaces que encontrar\u00e1s a continuaci\u00f3n puedes consultar las plantillas y r\u00fabricas disponibles:<\/p>\n<ul>\n<li><a href=\"https:\/\/drive.google.com\/drive\/u\/1\/folders\/1Q3JtZaD61UCYjPhMgJJroBGW_72gjZQF\" target=\"_blank\" rel=\"noopener\">Plantillas y r\u00fabricas TFM profesionalizador castellano<\/a><\/li>\n<li><a href=\"https:\/\/drive.google.com\/drive\/u\/1\/folders\/1e82Vtu5-RdI3f278I_yrz6tUJYNeJUu8\" target=\"_blank\" rel=\"noopener\">Plantillas y r\u00fabricas TFM de investigaci\u00f3n castellano<\/a><\/li>\n<\/ul>\n","protected":false},"excerpt":{"rendered":"<p>Para facilitar la elaboraci\u00f3n del trabajo y consensuar los criterios de correcci\u00f3n entre todas las personas que forman parte de las comisiones evaluadoras, se han dise\u00f1ado una serie de plantillas y r\u00fabricas para cada entrega o PEC. Los y las estudiantes deber\u00e1n hacer uso de estas plantillas para la elaboraci\u00f3n de cada una de las [&hellip;]<\/p>\n","protected":false},"author":2,"featured_media":0,"parent":0,"menu_order":0,"comment_status":"closed","ping_status":"closed","template":"","meta":[],"_links":{"self":[{"href":"http:\/\/tfm-neuropsicologia-test.recursos.uoc.edu\/es\/wp-json\/wp\/v2\/pages\/198"}],"collection":[{"href":"http:\/\/tfm-neuropsicologia-test.recursos.uoc.edu\/es\/wp-json\/wp\/v2\/pages"}],"about":[{"href":"http:\/\/tfm-neuropsicologia-test.recursos.uoc.edu\/es\/wp-json\/wp\/v2\/types\/page"}],"author":[{"embeddable":true,"href":"http:\/\/tfm-neuropsicologia-test.recursos.uoc.edu\/es\/wp-json\/wp\/v2\/users\/2"}],"replies":[{"embeddable":true,"href":"http:\/\/tfm-neuropsicologia-test.recursos.uoc.edu\/es\/wp-json\/wp\/v2\/comments?post=198"}],"version-history":[{"count":2,"href":"http:\/\/tfm-neuropsicologia-test.recursos.uoc.edu\/es\/wp-json\/wp\/v2\/pages\/198\/revisions"}],"predecessor-version":[{"id":235,"href":"http:\/\/tfm-neuropsicologia-test.recursos.uoc.edu\/es\/wp-json\/wp\/v2\/pages\/198\/revisions\/235"}],"wp:attachment":[{"href":"http:\/\/tfm-neuropsicologia-test.recursos.uoc.edu\/es\/wp-json\/wp\/v2\/media?parent=198"}],"curies":[{"name":"wp","href":"https:\/\/api.w.org\/{rel}","templated":true}]}}