{"id":205,"date":"2022-03-01T20:00:01","date_gmt":"2022-03-01T18:00:01","guid":{"rendered":"http:\/\/tfm-neuropsicologia-test.recursos.uoc.edu\/?page_id=205"},"modified":"2022-03-01T20:00:01","modified_gmt":"2022-03-01T18:00:01","slug":"1-introduccion-4","status":"publish","type":"page","link":"http:\/\/tfm-neuropsicologia-test.recursos.uoc.edu\/es\/1-introduccion-4\/","title":{"rendered":"1. Introducci\u00f3n"},"content":{"rendered":"<p>A continuaci\u00f3n se presentan algunos recursos que puedes consultar para preparar tu TFM. Dentro del aula encontrar\u00e1s m\u00e1s materiales espec\u00edficos relacionados con cada una de las PEC.<\/p>\n","protected":false},"excerpt":{"rendered":"<p>A continuaci\u00f3n se presentan algunos recursos que puedes consultar para preparar tu TFM. Dentro del aula encontrar\u00e1s m\u00e1s materiales espec\u00edficos relacionados con cada una de las PEC.<\/p>\n","protected":false},"author":2,"featured_media":0,"parent":0,"menu_order":0,"comment_status":"closed","ping_status":"closed","template":"","meta":[],"_links":{"self":[{"href":"http:\/\/tfm-neuropsicologia-test.recursos.uoc.edu\/es\/wp-json\/wp\/v2\/pages\/205"}],"collection":[{"href":"http:\/\/tfm-neuropsicologia-test.recursos.uoc.edu\/es\/wp-json\/wp\/v2\/pages"}],"about":[{"href":"http:\/\/tfm-neuropsicologia-test.recursos.uoc.edu\/es\/wp-json\/wp\/v2\/types\/page"}],"author":[{"embeddable":true,"href":"http:\/\/tfm-neuropsicologia-test.recursos.uoc.edu\/es\/wp-json\/wp\/v2\/users\/2"}],"replies":[{"embeddable":true,"href":"http:\/\/tfm-neuropsicologia-test.recursos.uoc.edu\/es\/wp-json\/wp\/v2\/comments?post=205"}],"version-history":[{"count":1,"href":"http:\/\/tfm-neuropsicologia-test.recursos.uoc.edu\/es\/wp-json\/wp\/v2\/pages\/205\/revisions"}],"predecessor-version":[{"id":206,"href":"http:\/\/tfm-neuropsicologia-test.recursos.uoc.edu\/es\/wp-json\/wp\/v2\/pages\/205\/revisions\/206"}],"wp:attachment":[{"href":"http:\/\/tfm-neuropsicologia-test.recursos.uoc.edu\/es\/wp-json\/wp\/v2\/media?parent=205"}],"curies":[{"name":"wp","href":"https:\/\/api.w.org\/{rel}","templated":true}]}}