{"id":207,"date":"2022-03-01T20:00:34","date_gmt":"2022-03-01T18:00:34","guid":{"rendered":"http:\/\/tfm-neuropsicologia-test.recursos.uoc.edu\/?page_id=207"},"modified":"2022-03-01T20:41:43","modified_gmt":"2022-03-01T18:41:43","slug":"2-recursos-generales","status":"publish","type":"page","link":"http:\/\/tfm-neuropsicologia-test.recursos.uoc.edu\/es\/2-recursos-generales\/","title":{"rendered":"2. Recursos generales"},"content":{"rendered":"<p><a href=\"https:\/\/biblioteca.uoc.edu\/export\/sites\/biblio\/.galleries\/documents\/tabla-periodica-tf-es.pdf\" target=\"_blank\" rel=\"noopener\">Herramientas para elaborar el trabajo final (Biblioteca UOC)<\/a><\/p>\n<table width=\"566\">\n<tbody>\n<tr class=\"table-header\">\n<td width=\"189\"><strong>Aspectos \u00e9ticos<\/strong><\/td>\n<td width=\"189\"><strong>Perspectiva de g\u00e9nero<\/strong><\/td>\n<td width=\"189\"><strong>Redacci\u00f3n del trabajo<\/strong><\/td>\n<\/tr>\n<tr>\n<td width=\"189\"><a href=\"https:\/\/www.wma.net\/es\/policies-post\/declaracion-de-helsinki-de-la-amm-principios-eticos-para-las-investigaciones-medicas-en-seres-humanos\/\" target=\"_blank\" rel=\"noopener\">Declaraci\u00f3n de Helsinki<\/a><\/p>\n<p><a href=\"https:\/\/www.cop.es\/index.php?page=CodigoDeontologico\" target=\"_blank\" rel=\"noopener\">C\u00f3digo Deontol\u00f3gico del Psic\u00f3logo<\/a><\/p>\n<p><a href=\"https:\/\/eneri.eu\/reri-manual\/\" target=\"_blank\" rel=\"noopener\">ENERI <em>Research Ethics and Research Integrity Manual<\/em><\/a><\/td>\n<td width=\"189\"><a href=\"http:\/\/materials.cv.uoc.edu\/cdocent\/PID_00276992\/\" target=\"_blank\" rel=\"noopener\">Uso no sexista de la lengua<\/a><\/td>\n<td width=\"189\"><a href=\"https:\/\/materials.campus.uoc.edu\/cdocent\/rubrica-cas\/\" target=\"_blank\" rel=\"noopener\">Criterios para la redacci\u00f3n de textos acad\u00e9micos y profesionales. R\u00fabrica de competencia de expresi\u00f3n escrita<\/a><\/p>\n<p>&nbsp;<\/td>\n<\/tr>\n<tr class=\"table-header\">\n<td width=\"189\"><strong>B\u00fasqueda bibliogr\u00e1fica<\/strong><\/td>\n<td width=\"189\"><strong>Gesti\u00f3n bibliogr\u00e1fica<\/strong><\/td>\n<td width=\"189\"><strong>Citaci\u00f3n<\/strong><\/td>\n<\/tr>\n<tr>\n<td width=\"189\"><a href=\"https:\/\/biblioteca.uoc.edu\/export\/sites\/biblio\/.galleries\/documents\/00001_infografia-mejora-busqueda-informacion.pdf\" target=\"_blank\" rel=\"noopener\">Mejora tu b\u00fasqueda de informaci\u00f3n<\/a><\/p>\n<p><a href=\"https:\/\/www.youtube.com\/watch?v=tcnXehIb5vQ\" target=\"_blank\" rel=\"noopener\">C\u00f3mo funcionan las bases de datos<\/a><\/p>\n<p><a href=\"https:\/\/biblioteca.uoc.edu\/es\/Coleccion-digital-por-areas-de-estudio\/coleccion\/PubMed\/\" target=\"_blank\" rel=\"noopener\">PubMed<\/a><\/p>\n<p>&nbsp;<\/td>\n<td width=\"189\"><a href=\"https:\/\/biblioteca.uoc.edu\/es\/Coleccion-digital-por-areas-de-estudio\/coleccion\/Mendeley\/\" target=\"_blank\" rel=\"noopener\">Mendeley<\/a><\/p>\n<p>&nbsp;<\/td>\n<td width=\"189\"><a href=\"https:\/\/www.uoc.edu\/biblioteca\/es\/recursos\/gestion-bibliografica-uoc\/como_citar.html\" target=\"_blank\" rel=\"noopener\">C\u00f3mo citar en tus trabajos<\/a><\/p>\n<p><a href=\"https:\/\/biblioteca.uoc.edu\/es\/pagina\/Estilo-APA\/\" target=\"_blank\" rel=\"noopener\">Estilo APA<\/a><\/p>\n<p><a href=\"https:\/\/biblioteca.uoc.edu\/es\/pagina\/Estilo-Vancouver\/\" target=\"_blank\" rel=\"noopener\">Estilo Vancouver<\/a><\/p>\n<p><a href=\"https:\/\/biblioteca.uoc.edu\/es\/biblioguias\/biblioguia\/Plagio-academico\/?tab=1\" target=\"_blank\" rel=\"noopener\">C\u00f3mo evitar el plagio<\/a><\/td>\n<\/tr>\n<\/tbody>\n<\/table>\n<div class=\"tablefooter\"><p>Tabla 5. Recursos generales<br \/>\nFuente: elaboraci\u00f3n propia<\/p>\n<\/div>\n","protected":false},"excerpt":{"rendered":"<p>Herramientas para elaborar el trabajo final (Biblioteca UOC) Aspectos \u00e9ticos Perspectiva de g\u00e9nero Redacci\u00f3n del trabajo Declaraci\u00f3n de Helsinki C\u00f3digo Deontol\u00f3gico del Psic\u00f3logo ENERI Research Ethics and Research Integrity Manual Uso no sexista de la lengua Criterios para la redacci\u00f3n de textos acad\u00e9micos y profesionales. R\u00fabrica de competencia de expresi\u00f3n escrita &nbsp; B\u00fasqueda bibliogr\u00e1fica Gesti\u00f3n [&hellip;]<\/p>\n","protected":false},"author":2,"featured_media":0,"parent":0,"menu_order":0,"comment_status":"closed","ping_status":"closed","template":"","meta":[],"_links":{"self":[{"href":"http:\/\/tfm-neuropsicologia-test.recursos.uoc.edu\/es\/wp-json\/wp\/v2\/pages\/207"}],"collection":[{"href":"http:\/\/tfm-neuropsicologia-test.recursos.uoc.edu\/es\/wp-json\/wp\/v2\/pages"}],"about":[{"href":"http:\/\/tfm-neuropsicologia-test.recursos.uoc.edu\/es\/wp-json\/wp\/v2\/types\/page"}],"author":[{"embeddable":true,"href":"http:\/\/tfm-neuropsicologia-test.recursos.uoc.edu\/es\/wp-json\/wp\/v2\/users\/2"}],"replies":[{"embeddable":true,"href":"http:\/\/tfm-neuropsicologia-test.recursos.uoc.edu\/es\/wp-json\/wp\/v2\/comments?post=207"}],"version-history":[{"count":3,"href":"http:\/\/tfm-neuropsicologia-test.recursos.uoc.edu\/es\/wp-json\/wp\/v2\/pages\/207\/revisions"}],"predecessor-version":[{"id":240,"href":"http:\/\/tfm-neuropsicologia-test.recursos.uoc.edu\/es\/wp-json\/wp\/v2\/pages\/207\/revisions\/240"}],"wp:attachment":[{"href":"http:\/\/tfm-neuropsicologia-test.recursos.uoc.edu\/es\/wp-json\/wp\/v2\/media?parent=207"}],"curies":[{"name":"wp","href":"https:\/\/api.w.org\/{rel}","templated":true}]}}