{"id":209,"date":"2022-03-01T20:01:16","date_gmt":"2022-03-01T18:01:16","guid":{"rendered":"http:\/\/tfm-neuropsicologia-test.recursos.uoc.edu\/?page_id=209"},"modified":"2022-03-01T20:49:29","modified_gmt":"2022-03-01T18:49:29","slug":"3-tfm-profesionalizador","status":"publish","type":"page","link":"http:\/\/tfm-neuropsicologia-test.recursos.uoc.edu\/es\/3-tfm-profesionalizador\/","title":{"rendered":"3. TFM profesionalizador"},"content":{"rendered":"<table width=\"566\">\n<tbody>\n<tr class=\"table-header\">\n<td width=\"283\"><strong>Evaluaci\u00f3n neuropsicol\u00f3gica<\/strong><\/td>\n<td width=\"283\"><strong>Intervenci\u00f3n neuropsicol\u00f3gica<\/strong><\/td>\n<\/tr>\n<tr>\n<td width=\"283\"><a href=\"https:\/\/bi.cibersam.es\/busqueda-de-instrumentos\" target=\"_blank\" rel=\"noopener\">Banco de instrumento y metodolog\u00edas en salud mental<\/a><\/td>\n<td width=\"283\"><a href=\"https:\/\/www.neuronup.com\/es\" target=\"_blank\" rel=\"noopener\">Neuronup<\/a><\/td>\n<\/tr>\n<\/tbody>\n<\/table>\n<div class=\"tablefooter\"><p>Tabla 6. TFM profesionalizador<br \/>\nFuente: elaboraci\u00f3n propia<\/p>\n<\/div>\n","protected":false},"excerpt":{"rendered":"<p>Evaluaci\u00f3n neuropsicol\u00f3gica Intervenci\u00f3n neuropsicol\u00f3gica Banco de instrumento y metodolog\u00edas en salud mental Neuronup<\/p>\n","protected":false},"author":2,"featured_media":0,"parent":0,"menu_order":0,"comment_status":"closed","ping_status":"closed","template":"","meta":[],"_links":{"self":[{"href":"http:\/\/tfm-neuropsicologia-test.recursos.uoc.edu\/es\/wp-json\/wp\/v2\/pages\/209"}],"collection":[{"href":"http:\/\/tfm-neuropsicologia-test.recursos.uoc.edu\/es\/wp-json\/wp\/v2\/pages"}],"about":[{"href":"http:\/\/tfm-neuropsicologia-test.recursos.uoc.edu\/es\/wp-json\/wp\/v2\/types\/page"}],"author":[{"embeddable":true,"href":"http:\/\/tfm-neuropsicologia-test.recursos.uoc.edu\/es\/wp-json\/wp\/v2\/users\/2"}],"replies":[{"embeddable":true,"href":"http:\/\/tfm-neuropsicologia-test.recursos.uoc.edu\/es\/wp-json\/wp\/v2\/comments?post=209"}],"version-history":[{"count":2,"href":"http:\/\/tfm-neuropsicologia-test.recursos.uoc.edu\/es\/wp-json\/wp\/v2\/pages\/209\/revisions"}],"predecessor-version":[{"id":243,"href":"http:\/\/tfm-neuropsicologia-test.recursos.uoc.edu\/es\/wp-json\/wp\/v2\/pages\/209\/revisions\/243"}],"wp:attachment":[{"href":"http:\/\/tfm-neuropsicologia-test.recursos.uoc.edu\/es\/wp-json\/wp\/v2\/media?parent=209"}],"curies":[{"name":"wp","href":"https:\/\/api.w.org\/{rel}","templated":true}]}}