{"id":211,"date":"2022-03-01T20:02:08","date_gmt":"2022-03-01T18:02:08","guid":{"rendered":"http:\/\/tfm-neuropsicologia-test.recursos.uoc.edu\/?page_id=211"},"modified":"2022-03-01T20:51:26","modified_gmt":"2022-03-01T18:51:26","slug":"4-tfm-de-investigacion","status":"publish","type":"page","link":"http:\/\/tfm-neuropsicologia-test.recursos.uoc.edu\/es\/4-tfm-de-investigacion\/","title":{"rendered":"4. TFM de investigaci\u00f3n"},"content":{"rendered":"<table width=\"566\">\n<tbody>\n<tr class=\"table-header\">\n<td width=\"142\"><strong>Generales<\/strong><\/td>\n<td width=\"142\"><strong>Revisi\u00f3n sistem\u00e1tica<\/strong><\/td>\n<td width=\"142\"><strong>Proyecto de investigaci\u00f3n<\/strong><\/td>\n<td width=\"142\"><strong>Informe de investigaci\u00f3n<\/strong><\/td>\n<\/tr>\n<tr>\n<td width=\"142\"><a href=\"http:\/\/www.cognitiveatlas.org\/\" target=\"_blank\" rel=\"noopener\">Cognitive Atlas<\/a><\/p>\n<p><a href=\"https:\/\/www.esteve.org\/capitulos\/documento-completo-31\/\" target=\"_blank\" rel=\"noopener\">\u00abRedacci\u00f3n cient\u00edfica en biomedicina: lo que hay que saber\u00bb<\/a><\/td>\n<td width=\"142\"><a href=\"http:\/\/www.prisma-statement.org\/\" target=\"_blank\" rel=\"noopener\">Gu\u00eda PRISMA<\/a><\/p>\n<p>&nbsp;<\/td>\n<td width=\"142\"><a href=\"https:\/\/www.esteve.org\/capitulos\/elaborar-proyecto-ciencias-la-salud\/?doing_wp_cron=1627489492.9546759128570556640625\" target=\"_blank\" rel=\"noopener\">\u00abC\u00f3mo elaborar un proyecto en ciencias de la salud\u00bb<\/a><\/p>\n<p><a href=\"https:\/\/www.psychologie.hhu.de\/arbeitsgruppen\/allgemeine-psychologie-und-arbeitspsychologie\/gpower\" target=\"_blank\" rel=\"noopener\">G*Power<\/a><\/td>\n<td width=\"142\"><a href=\"https:\/\/jasp-stats.org\/\" target=\"_blank\" rel=\"noopener\">JASP Software de an\u00e1lisis estad\u00edstico<\/a><\/td>\n<\/tr>\n<\/tbody>\n<\/table>\n<div class=\"tablefooter\"><p>Tabla 7. TFM de investigaci\u00f3n<br \/>\nFuente: elaboraci\u00f3n propia<\/p>\n<\/div>\n","protected":false},"excerpt":{"rendered":"<p>Generales Revisi\u00f3n sistem\u00e1tica Proyecto de investigaci\u00f3n Informe de investigaci\u00f3n Cognitive Atlas \u00abRedacci\u00f3n cient\u00edfica en biomedicina: lo que hay que saber\u00bb Gu\u00eda PRISMA &nbsp; \u00abC\u00f3mo elaborar un proyecto en ciencias de la salud\u00bb G*Power JASP Software de an\u00e1lisis estad\u00edstico<\/p>\n","protected":false},"author":2,"featured_media":0,"parent":0,"menu_order":0,"comment_status":"closed","ping_status":"closed","template":"","meta":[],"_links":{"self":[{"href":"http:\/\/tfm-neuropsicologia-test.recursos.uoc.edu\/es\/wp-json\/wp\/v2\/pages\/211"}],"collection":[{"href":"http:\/\/tfm-neuropsicologia-test.recursos.uoc.edu\/es\/wp-json\/wp\/v2\/pages"}],"about":[{"href":"http:\/\/tfm-neuropsicologia-test.recursos.uoc.edu\/es\/wp-json\/wp\/v2\/types\/page"}],"author":[{"embeddable":true,"href":"http:\/\/tfm-neuropsicologia-test.recursos.uoc.edu\/es\/wp-json\/wp\/v2\/users\/2"}],"replies":[{"embeddable":true,"href":"http:\/\/tfm-neuropsicologia-test.recursos.uoc.edu\/es\/wp-json\/wp\/v2\/comments?post=211"}],"version-history":[{"count":4,"href":"http:\/\/tfm-neuropsicologia-test.recursos.uoc.edu\/es\/wp-json\/wp\/v2\/pages\/211\/revisions"}],"predecessor-version":[{"id":245,"href":"http:\/\/tfm-neuropsicologia-test.recursos.uoc.edu\/es\/wp-json\/wp\/v2\/pages\/211\/revisions\/245"}],"wp:attachment":[{"href":"http:\/\/tfm-neuropsicologia-test.recursos.uoc.edu\/es\/wp-json\/wp\/v2\/media?parent=211"}],"curies":[{"name":"wp","href":"https:\/\/api.w.org\/{rel}","templated":true}]}}