{"id":213,"date":"2022-03-01T20:02:52","date_gmt":"2022-03-01T18:02:52","guid":{"rendered":"http:\/\/tfm-neuropsicologia-test.recursos.uoc.edu\/?page_id=213"},"modified":"2022-03-01T20:53:16","modified_gmt":"2022-03-01T18:53:16","slug":"5-ejemplos-de-tfm","status":"publish","type":"page","link":"http:\/\/tfm-neuropsicologia-test.recursos.uoc.edu\/es\/5-ejemplos-de-tfm\/","title":{"rendered":"5. Ejemplos de TFM"},"content":{"rendered":"<div class=\"featured featured-grey\"><p><strong>Premio mejor TFM curso 2018-2019<\/strong><\/p>\n<p><strong>Modalidad<\/strong>: profesionalizador<\/p>\n<p><strong>T\u00edtulo<\/strong>: <em>Evaluaci\u00f3n e intervenci\u00f3n neuropsicol\u00f3gica en un caso de encefalitis autoinmune por anticuerpos contra los receptores N-metil-D-aspartato (NMDA)<\/em><\/p>\n<p><strong>Autor\u00eda<\/strong>: Ana Isabel de Mar\u00eda Ibarbia<\/p>\n<p><strong>Tutorizaci\u00f3n<\/strong>: Dr. Marc Tur\u00f3n Vi\u00f1as<\/p>\n<p><strong>Enlace<\/strong>: &lt;<a href=\"http:\/\/hdl.handle.net\/10609\/104306\" target=\"_blank\" rel=\"noopener\">http:\/\/hdl.handle.net\/10609\/104306<\/a>&gt;<\/p>\n<\/div>\n<div class=\"featured featured-grey\"><p><strong>Premio mejor TFM curso 2019-2020<\/strong><\/p>\n<p><strong>Modalidad<\/strong>: profesionalizador<\/p>\n<p><strong>T\u00edtulo<\/strong>: <em>Craneofaringioma infantil: Evaluaci\u00f3n y rehabilitaci\u00f3n neuropsicol\u00f3gica<\/em><\/p>\n<p><strong>Autor\u00eda<\/strong>: Diego Carracedo Sanchidri\u00e1n<\/p>\n<p><strong>Tutorizaci\u00f3n<\/strong>: Dra. Cristina S\u00e1nchez Casta\u00f1eda<\/p>\n<p><strong>Enlace<\/strong>: &lt;<a href=\"http:\/\/hdl.handle.net\/10609\/121527\" target=\"_blank\" rel=\"noopener\">http:\/\/hdl.handle.net\/10609\/121527<\/a>&gt;<\/p>\n<\/div>\n<div class=\"featured featured-grey\"><p><strong>Premio mejor TFM curso 2020-2021<\/strong><\/p>\n<p><strong>Modalidad<\/strong>: profesionalizador<\/p>\n<p><strong>T\u00edtulo<\/strong>: <em>Neuropsicolog\u00eda infantil y prematuridad: propuesta de evaluaci\u00f3n y rehabilitaci\u00f3n<\/em><\/p>\n<p><strong>Autor\u00eda<\/strong>: Marina Labzina<\/p>\n<p><strong>Tutorizaci\u00f3n<\/strong>: Dra. Vega Muriel Molano<\/p>\n<p><strong>Enlace<\/strong>: &lt;<a href=\"http:\/\/hdl.handle.net\/10609\/133793\" target=\"_blank\" rel=\"noopener\">http:\/\/hdl.handle.net\/10609\/133793<\/a>&gt;<\/p>\n<\/div>\n<div class=\"featured featured-grey\"><p><strong>Modalidad: investigaci\u00f3n &#8211; revisi\u00f3n sistem\u00e1tica<\/strong><\/p>\n<p><strong>T\u00edtulo<\/strong>: <em>Estimulaci\u00f3n magn\u00e9tica transcraneal para el tratamiento del tabaquismo: Una revisi\u00f3n sistem\u00e1tica<\/em><\/p>\n<p><strong>Autor\u00eda<\/strong>: Pablo V\u00e1zquez Beceiro<\/p>\n<p><strong>Tutorizaci\u00f3n<\/strong>: Dra. Raquel Viejo Sobera<\/p>\n<p><strong>Semestre<\/strong>: 2017\/2018 &#8211; 2<\/p>\n<p><strong>Enlace<\/strong>: &lt;<a href=\"http:\/\/hdl.handle.net\/10609\/113426\" target=\"_blank\" rel=\"noopener\">http:\/\/hdl.handle.net\/10609\/113426<\/a>&gt;<\/p>\n<\/div>\n<div class=\"featured featured-grey\"><p><strong>Modalidad: investigaci\u00f3n &#8211; proyecto de investigaci\u00f3n<\/strong><\/p>\n<p><strong>T\u00edtulo<\/strong>: <em>Proyecto de investigaci\u00f3n: Factores sociodemogr\u00e1ficos y cl\u00ednicos relacionados con la ejecuci\u00f3n de pruebas neuropsicol\u00f3gicas en pacientes con diversidad cultural<\/em><\/p>\n<p><strong>Autor\u00eda<\/strong>: Marta M\u00f3nica S\u00e1nchez Rodr\u00edguez<\/p>\n<p><strong>Tutorizaci\u00f3n<\/strong>: Dra. Ana Espinosa Cardiel<\/p>\n<p><strong>Semestre<\/strong>: 2018\/2019 &#8211; 2<\/p>\n<p><strong>Enlace<\/strong>: &lt;<a href=\"http:\/\/hdl.handle.net\/10609\/119691\" target=\"_blank\" rel=\"noopener\">http:\/\/hdl.handle.net\/10609\/119691<\/a>&gt;<\/p>\n<\/div>\n<div class=\"featured featured-grey\"><p><strong>Modalidad: investigaci\u00f3n &#8211; informe de investigaci\u00f3n<\/strong><\/p>\n<p><strong>T\u00edtulo<\/strong>: <em>Funciones ejecutivas en varones y mujeres con trastorno de la conducta alimentaria<\/em><\/p>\n<p><strong>Autor\u00eda<\/strong>: Zaida Ag\u00fcera<\/p>\n<p><strong>Tutorizaci\u00f3n<\/strong>: Dr. Alejandro de la Torre Luque<\/p>\n<p><strong>Semestre<\/strong>: 2019\/2020 &#8211; 1<\/p>\n<p><strong>Enlace<\/strong>: &lt;<a href=\"http:\/\/hdl.handle.net\/10609\/113506\" target=\"_blank\" rel=\"noopener\">http:\/\/hdl.handle.net\/10609\/113506<\/a>&gt;<\/p>\n<\/div>\n<p>Puedes ver otros TFM realizados en cursos anteriores en el <a href=\"http:\/\/openaccess.uoc.edu\/webapps\/o2\/handle\/10609\/43543\" target=\"_blank\" rel=\"noopener\">repositorio institucional O2<\/a>.<\/p>\n","protected":false},"excerpt":{"rendered":"<p>Puedes ver otros TFM realizados en cursos anteriores en el repositorio institucional O2.<\/p>\n","protected":false},"author":2,"featured_media":0,"parent":0,"menu_order":0,"comment_status":"closed","ping_status":"closed","template":"","meta":[],"_links":{"self":[{"href":"http:\/\/tfm-neuropsicologia-test.recursos.uoc.edu\/es\/wp-json\/wp\/v2\/pages\/213"}],"collection":[{"href":"http:\/\/tfm-neuropsicologia-test.recursos.uoc.edu\/es\/wp-json\/wp\/v2\/pages"}],"about":[{"href":"http:\/\/tfm-neuropsicologia-test.recursos.uoc.edu\/es\/wp-json\/wp\/v2\/types\/page"}],"author":[{"embeddable":true,"href":"http:\/\/tfm-neuropsicologia-test.recursos.uoc.edu\/es\/wp-json\/wp\/v2\/users\/2"}],"replies":[{"embeddable":true,"href":"http:\/\/tfm-neuropsicologia-test.recursos.uoc.edu\/es\/wp-json\/wp\/v2\/comments?post=213"}],"version-history":[{"count":3,"href":"http:\/\/tfm-neuropsicologia-test.recursos.uoc.edu\/es\/wp-json\/wp\/v2\/pages\/213\/revisions"}],"predecessor-version":[{"id":246,"href":"http:\/\/tfm-neuropsicologia-test.recursos.uoc.edu\/es\/wp-json\/wp\/v2\/pages\/213\/revisions\/246"}],"wp:attachment":[{"href":"http:\/\/tfm-neuropsicologia-test.recursos.uoc.edu\/es\/wp-json\/wp\/v2\/media?parent=213"}],"curies":[{"name":"wp","href":"https:\/\/api.w.org\/{rel}","templated":true}]}}