{"id":78,"date":"2021-10-13T09:10:11","date_gmt":"2021-10-13T07:10:11","guid":{"rendered":"http:\/\/tfm-neuropsicologia-test.recursos.uoc.edu\/?page_id=78"},"modified":"2022-03-01T20:37:20","modified_gmt":"2022-03-01T18:37:20","slug":"4-evaluacion-del-trabajo","status":"publish","type":"page","link":"http:\/\/tfm-neuropsicologia-test.recursos.uoc.edu\/es\/4-evaluacion-del-trabajo\/","title":{"rendered":"Evaluaci\u00f3n del trabajo"},"content":{"rendered":"<p>El protocolo para la evaluaci\u00f3n del TFM se ha elaborado bas\u00e1ndose en las recomendaciones que la Agencia para la Calidad del Sistema Universitario de Catalu\u00f1a (AQU) propone en el documento <a href=\"https:\/\/www.aqu.cat\/doc\/doc_18533565_1.pdf\" target=\"_blank\" rel=\"noopener\"><em>C\u00f3mo elaborar, tutorizar y evaluar un trabajo final de m\u00e1ster<\/em><\/a> (2013).<\/p>\n<p>La evaluaci\u00f3n del trabajo es llevada a cabo por la comisi\u00f3n evaluadora, de manera que la nota final de la asignatura vendr\u00e1 determinada por la ponderaci\u00f3n de las calificaciones de las distintas personas que forman la comisi\u00f3n seg\u00fan se detalla en la tabla 4.<\/p>\n<table width=\"491\">\n<tbody>\n<tr class=\"table-header\">\n<td rowspan=\"2\" width=\"170\"><\/td>\n<td style=\"text-align: center;\" colspan=\"2\" width=\"255\">Comisi\u00f3n evaluadora<\/td>\n<td style=\"text-align: center;\" rowspan=\"2\" width=\"66\">Peso<\/td>\n<\/tr>\n<tr class=\"table-header-sec\">\n<td style=\"text-align: center;\" width=\"142\">Tutor\/a<\/td>\n<td style=\"text-align: center;\" width=\"113\">Evaluaci\u00f3n externa<\/td>\n<\/tr>\n<tr>\n<td width=\"170\">Planteamiento y elaboraci\u00f3n del TFM<\/td>\n<td width=\"142\">\n<p style=\"text-align: center;\">15 %<\/p>\n<p style=\"text-align: center;\">(3 % x 5 entregas)<\/p>\n<\/td>\n<td style=\"text-align: center;\" width=\"113\">&#8211;<\/td>\n<td style=\"text-align: center;\" width=\"66\"><strong>15 %<\/strong><\/td>\n<\/tr>\n<tr>\n<td width=\"170\">Memoria del TFM<\/td>\n<td style=\"text-align: center;\" width=\"142\">30 %<\/td>\n<td style=\"text-align: center;\" width=\"113\">40 %<\/td>\n<td style=\"text-align: center;\" width=\"66\"><strong>70 %<\/strong><\/td>\n<\/tr>\n<tr>\n<td width=\"170\">Presentaci\u00f3n del TFM<\/td>\n<td style=\"text-align: center;\" width=\"142\">2,5 %<\/td>\n<td style=\"text-align: center;\" width=\"113\">5 %<\/td>\n<td style=\"text-align: center;\" width=\"66\"><strong>7,5 %<\/strong><\/td>\n<\/tr>\n<tr>\n<td width=\"170\">Defensa del TFM<\/td>\n<td style=\"text-align: center;\" width=\"142\">2,5 %<\/td>\n<td style=\"text-align: center;\" width=\"113\">5 %<\/td>\n<td style=\"text-align: center;\" width=\"66\"><strong>7,5 %<\/strong><\/td>\n<\/tr>\n<tr>\n<td width=\"170\"><\/td>\n<td style=\"text-align: center;\" width=\"142\"><strong>50 %<\/strong><\/td>\n<td style=\"text-align: center;\" width=\"113\"><strong>50 %<\/strong><\/td>\n<td style=\"text-align: center;\" width=\"66\"><strong>100 %<\/strong><\/td>\n<\/tr>\n<\/tbody>\n<\/table>\n<div class=\"tablefooter\"><p>Tabla 4. Ponderaci\u00f3n de las calificaciones<br \/>\nFuente: elaboraci\u00f3n propia<\/p>\n<\/div>\n<p>El peso de la evaluaci\u00f3n de la persona que tutoriza el TFM sobre el total de la nota es de un 50 % (un 15 % basado en el proceso de elaboraci\u00f3n del trabajo, un 30 % basado en el TFM completo, y un 5 % basado en la presentaci\u00f3n y la defensa), el mismo peso que tiene la evaluaci\u00f3n de la comisi\u00f3n externa sobre la nota final (50 %: un 40 % basado en el TFM completo y un 10 % basado en la presentaci\u00f3n y la defensa).<\/p>\n<p>La evaluaci\u00f3n de cada una de las entregas (PEC) por parte de la comisi\u00f3n evaluadora se lleva a cabo mediante el uso de r\u00fabricas de correcci\u00f3n (disponibles en el apartado de <a href=\"http:\/\/tfm-neuropsicologia-test.recursos.uoc.edu\/es\/3-plantillas-y-rubricas-de-cada-entrega\/\" target=\"_blank\" rel=\"noopener\">\u00abPlantillas y r\u00fabricas de cada entrega\u00bb<\/a>). La correcci\u00f3n mediante las r\u00fabricas ofrece una puntuaci\u00f3n num\u00e9rica del resultado de cada etapa, a partir de la cual se otorga una calificaci\u00f3n seg\u00fan la siguiente equivalencia:<\/p>\n<ul>\n<li>A (9-10): calificaci\u00f3n muy buena<\/li>\n<li>B (7-8,9): calificaci\u00f3n buena<\/li>\n<li>C+ (5-6,9): calificaci\u00f3n suficiente<\/li>\n<li>C- (3-4,9): calificaci\u00f3n insuficiente<\/li>\n<li>D (0-2,9): calificaci\u00f3n muy baja<\/li>\n<\/ul>\n<p>Para poder superar la asignatura es imprescindible entregar todas las PEC. Adem\u00e1s, \u00fanicamente se podr\u00e1 obtener una calificaci\u00f3n de D en una de las PEC, el resto de calificaciones deber\u00e1n ser superiores y la media ponderada debe ser superior a 5 (C+).<\/p>\n<div class=\"featured featured-grey\"><p><strong>Premio al mejor trabajo final de m\u00e1ster<\/strong><\/p>\n<p>Una vez finalizado el curso acad\u00e9mico, se seleccionar\u00e1n todos aquellos trabajos que hayan obtenido matr\u00edcula de honor en los dos semestres y la Comisi\u00f3n de TFM decidir\u00e1 cu\u00e1l de ellos es el mejor. Este trabajo obtendr\u00e1 el reconocimiento acad\u00e9mico de mejor TFM del curso, un diploma acreditativo del m\u00e9rito y un premio de car\u00e1cter simb\u00f3lico.<\/p>\n<\/div>\n<p>&nbsp;<\/p>\n","protected":false},"excerpt":{"rendered":"<p>El protocolo para la evaluaci\u00f3n del TFM se ha elaborado bas\u00e1ndose en las recomendaciones que la Agencia para la Calidad del Sistema Universitario de Catalu\u00f1a (AQU) propone en el documento C\u00f3mo elaborar, tutorizar y evaluar un trabajo final de m\u00e1ster (2013). La evaluaci\u00f3n del trabajo es llevada a cabo por la comisi\u00f3n evaluadora, de manera [&hellip;]<\/p>\n","protected":false},"author":2,"featured_media":0,"parent":0,"menu_order":0,"comment_status":"closed","ping_status":"closed","template":"","meta":[],"_links":{"self":[{"href":"http:\/\/tfm-neuropsicologia-test.recursos.uoc.edu\/es\/wp-json\/wp\/v2\/pages\/78"}],"collection":[{"href":"http:\/\/tfm-neuropsicologia-test.recursos.uoc.edu\/es\/wp-json\/wp\/v2\/pages"}],"about":[{"href":"http:\/\/tfm-neuropsicologia-test.recursos.uoc.edu\/es\/wp-json\/wp\/v2\/types\/page"}],"author":[{"embeddable":true,"href":"http:\/\/tfm-neuropsicologia-test.recursos.uoc.edu\/es\/wp-json\/wp\/v2\/users\/2"}],"replies":[{"embeddable":true,"href":"http:\/\/tfm-neuropsicologia-test.recursos.uoc.edu\/es\/wp-json\/wp\/v2\/comments?post=78"}],"version-history":[{"count":6,"href":"http:\/\/tfm-neuropsicologia-test.recursos.uoc.edu\/es\/wp-json\/wp\/v2\/pages\/78\/revisions"}],"predecessor-version":[{"id":238,"href":"http:\/\/tfm-neuropsicologia-test.recursos.uoc.edu\/es\/wp-json\/wp\/v2\/pages\/78\/revisions\/238"}],"wp:attachment":[{"href":"http:\/\/tfm-neuropsicologia-test.recursos.uoc.edu\/es\/wp-json\/wp\/v2\/media?parent=78"}],"curies":[{"name":"wp","href":"https:\/\/api.w.org\/{rel}","templated":true}]}}